{"id":2459,"date":"2019-01-08T12:30:37","date_gmt":"2019-01-08T12:30:37","guid":{"rendered":"https:\/\/tripolamotorrad.com\/politica-de-privacidad\/"},"modified":"2025-12-11T16:14:26","modified_gmt":"2025-12-11T16:14:26","slug":"politica-de-privacidad","status":"publish","type":"page","link":"https:\/\/tripolamotorrad.com\/es\/politica-de-privacidad\/","title":{"rendered":"Pol\u00edtica de privacidad"},"content":{"rendered":"\t\t<div data-elementor-type=\"wp-post\" data-elementor-id=\"2459\" class=\"elementor elementor-2459 elementor-66\">\n\t\t\t\t\t\t<section class=\"elementor-section elementor-top-section elementor-element elementor-element-62a4d9b1 elementor-section-boxed elementor-section-height-default elementor-section-height-default\" data-id=\"62a4d9b1\" data-element_type=\"section\" data-e-type=\"section\" data-settings=\"{&quot;background_background&quot;:&quot;classic&quot;}\">\n\t\t\t\t\t\t<div class=\"elementor-container elementor-column-gap-extended\">\n\t\t\t\t\t<div class=\"elementor-column elementor-col-100 elementor-top-column elementor-element elementor-element-b201eb4 sc_inner_width_none sc_content_align_inherit sc_layouts_column_icons_position_left\" data-id=\"b201eb4\" data-element_type=\"column\" data-e-type=\"column\">\n\t\t\t<div class=\"elementor-widget-wrap elementor-element-populated\">\n\t\t\t\t\t\t<div class=\"elementor-element elementor-element-111d9fe5 sc_fly_static elementor-widget elementor-widget-spacer\" data-id=\"111d9fe5\" data-element_type=\"widget\" data-e-type=\"widget\" data-widget_type=\"spacer.default\">\n\t\t\t\t<div class=\"elementor-widget-container\">\n\t\t\t\t\t\t\t<div class=\"elementor-spacer\">\n\t\t\t<div class=\"elementor-spacer-inner\"><\/div>\n\t\t<\/div>\n\t\t\t\t\t\t<\/div>\n\t\t\t\t<\/div>\n\t\t\t\t<div class=\"elementor-element elementor-element-19543589 sc_fly_static elementor-widget elementor-widget-text-editor\" data-id=\"19543589\" data-element_type=\"widget\" data-e-type=\"widget\" data-widget_type=\"text-editor.default\">\n\t\t\t\t<div class=\"elementor-widget-container\">\n\t\t\t\t\t\t\t\t\t<h3>Pol\u00edtica de Privacidad<\/h3>\n<p><\/p>\n<p>\u00daltima actualizaci\u00f3n: Diciembre de 2025<\/p>\n\t\t\t\t\t\t\t\t<\/div>\n\t\t\t\t<\/div>\n\t\t\t\t<div class=\"elementor-element elementor-element-610aea52 sc_fly_static elementor-widget elementor-widget-spacer\" data-id=\"610aea52\" data-element_type=\"widget\" data-e-type=\"widget\" data-widget_type=\"spacer.default\">\n\t\t\t\t<div class=\"elementor-widget-container\">\n\t\t\t\t\t\t\t<div class=\"elementor-spacer\">\n\t\t\t<div class=\"elementor-spacer-inner\"><\/div>\n\t\t<\/div>\n\t\t\t\t\t\t<\/div>\n\t\t\t\t<\/div>\n\t\t\t\t\t<\/div>\n\t\t<\/div>\n\t\t\t\t\t<\/div>\n\t\t<\/section>\n\t\t\t\t<section class=\"elementor-section elementor-top-section elementor-element elementor-element-6ad7dd4b elementor-section-boxed elementor-section-height-default elementor-section-height-default\" data-id=\"6ad7dd4b\" data-element_type=\"section\" data-e-type=\"section\">\n\t\t\t\t\t\t<div class=\"elementor-container elementor-column-gap-extended\">\n\t\t\t\t\t<div class=\"elementor-column elementor-col-100 elementor-top-column elementor-element elementor-element-596b071f sc_inner_width_none sc_content_align_inherit sc_layouts_column_icons_position_left\" data-id=\"596b071f\" data-element_type=\"column\" data-e-type=\"column\">\n\t\t\t<div class=\"elementor-widget-wrap elementor-element-populated\">\n\t\t\t\t\t\t<div class=\"elementor-element elementor-element-4be38 sc_fly_static elementor-widget elementor-widget-spacer\" data-id=\"4be38\" data-element_type=\"widget\" data-e-type=\"widget\" data-widget_type=\"spacer.default\">\n\t\t\t\t<div class=\"elementor-widget-container\">\n\t\t\t\t\t\t\t<div class=\"elementor-spacer\">\n\t\t\t<div class=\"elementor-spacer-inner\"><\/div>\n\t\t<\/div>\n\t\t\t\t\t\t<\/div>\n\t\t\t\t<\/div>\n\t\t\t\t\t<\/div>\n\t\t<\/div>\n\t\t\t\t\t<\/div>\n\t\t<\/section>\n\t\t\t\t<section class=\"elementor-section elementor-top-section elementor-element elementor-element-15ee7252 elementor-section-boxed elementor-section-height-default elementor-section-height-default\" data-id=\"15ee7252\" data-element_type=\"section\" data-e-type=\"section\" data-settings=\"{&quot;background_background&quot;:&quot;classic&quot;}\">\n\t\t\t\t\t\t<div class=\"elementor-container elementor-column-gap-extended\">\n\t\t\t\t\t<div class=\"elementor-column elementor-col-100 elementor-top-column elementor-element elementor-element-362f6888 sc_inner_width_none sc_content_align_inherit sc_layouts_column_icons_position_left\" data-id=\"362f6888\" data-element_type=\"column\" data-e-type=\"column\">\n\t\t\t<div class=\"elementor-widget-wrap elementor-element-populated\">\n\t\t\t\t\t\t<div class=\"elementor-element elementor-element-7c8ac86 sc_fly_static elementor-widget elementor-widget-spacer\" data-id=\"7c8ac86\" data-element_type=\"widget\" data-e-type=\"widget\" data-widget_type=\"spacer.default\">\n\t\t\t\t<div class=\"elementor-widget-container\">\n\t\t\t\t\t\t\t<div class=\"elementor-spacer\">\n\t\t\t<div class=\"elementor-spacer-inner\"><\/div>\n\t\t<\/div>\n\t\t\t\t\t\t<\/div>\n\t\t\t\t<\/div>\n\t\t\t\t<div class=\"elementor-element elementor-element-37ffd7d2 sc_fly_static elementor-widget elementor-widget-text-editor\" data-id=\"37ffd7d2\" data-element_type=\"widget\" data-e-type=\"widget\" data-widget_type=\"text-editor.default\">\n\t\t\t\t<div class=\"elementor-widget-container\">\n\t\t\t\t\t\t\t\t\t<h4>1. Introducci\u00f3n<\/h4>\n<p><\/p>\n<p>Esta Pol\u00edtica de Privacidad describe c\u00f3mo <strong>Tripola Motorrad<\/strong> (operada por <strong>KD18 holdings s.r.o.<\/strong>, con domicilio social en <strong>Antala Sta\u0161ka 1859\/34, 140 00 Praha 4-Kr\u010d, Rep\u00fablica Checa<\/strong>, ID\/I\u010cO: [Insertar I\u010cO]) (\u00abnosotros\u00bb o \u00abnuestro\u00bb) recopila, utiliza y protege sus datos personales.<\/p>\n<p><\/p>\n<p>Nos comprometemos a proteger su privacidad de acuerdo con el <strong>Reglamento General de Protecci\u00f3n de Datos (RGPD)<\/strong> (UE) 2016\/679.<\/p>\n<h4>2. Qu\u00e9 datos recopilamos<\/h4>\n<p><\/p>\n<p>Para prestar servicios de alquiler de motocicletas y tours, recopilamos las siguientes categor\u00edas de datos:<\/p>\n<p><\/p>\n<ul>\n<li><strong>Datos de identidad:<\/strong> Nombre, apellidos, fecha de nacimiento, n\u00famero de pasaporte\/DNI.<\/li>\n<li><strong>Datos de contacto:<\/strong> Direcci\u00f3n de correo electr\u00f3nico, n\u00famero de tel\u00e9fono (+420776025443), direcci\u00f3n de facturaci\u00f3n.<\/li>\n<li><strong>Datos del conductor:<\/strong> N\u00famero de carn\u00e9 de conducir, categor\u00eda, fecha de expedici\u00f3n y experiencia de conducci\u00f3n.<\/li>\n<li><strong>Datos f\u00edsicos:<\/strong> Altura, peso y tallas de ropa (solo si alquila equipamiento, para garantizar la seguridad).<\/li>\n<li><strong>Datos financieros:<\/strong> Detalles de la tarjeta de cr\u00e9dito (procesados de forma segura a trav\u00e9s de nuestra pasarela de pago para fianzas\/pagos; no almacenamos n\u00fameros completos de tarjetas).<\/li>\n<li><strong>Datos de ubicaci\u00f3n:<\/strong> Nuestras motocicletas pueden estar equipadas con <strong>dispositivos de rastreo GPS<\/strong> por seguridad antirrobo y protecci\u00f3n de activos.<\/li>\n<\/ul>\n<h4>3. C\u00f3mo utilizamos sus datos<\/h4>\n<p><\/p>\n<p>Procesamos sus datos para los siguientes fines legales:<\/p>\n<p><\/p>\n<ul>\n<li><strong>Ejecuci\u00f3n del contrato:<\/strong> Para procesar su reserva, verificar su elegibilidad para conducir y gestionar el contrato de alquiler.<\/li>\n<li><strong>Obligaci\u00f3n legal:<\/strong> Para cumplir con las leyes fiscales y compartir los datos del conductor con las autoridades de tr\u00e1fico (polic\u00eda) en caso de infracciones (multas por exceso de velocidad, etc.).<\/li>\n<li><strong>Inter\u00e9s leg\u00edtimo:<\/strong> Para proteger nuestra flota contra robos (rastreo GPS) y defender reclamaciones legales.<\/li>\n<\/ul>\n<h4>4. Intercambio de datos<\/h4>\n<p><\/p>\n<p>No vendemos sus datos. Podemos compartirlos con:<\/p>\n<p><\/p>\n<ul>\n<li><strong>Compa\u00f1\u00edas de seguros:<\/strong> En caso de accidente o reclamaci\u00f3n.<\/li>\n<li><strong>Fuerzas del orden:<\/strong> Si as\u00ed lo exige la ley (por ejemplo, multas de tr\u00e1fico).<\/li>\n<li><strong>Proveedores de servicios:<\/strong> Soporte inform\u00e1tico, sistemas de reserva y procesadores de pagos que act\u00faan como encargados del tratamiento bajo estrictos acuerdos de confidencialidad.<\/li>\n<\/ul>\n<h4>5. Conservaci\u00f3n de datos<\/h4>\n<p><\/p>\n<p>Conservamos los datos personales relacionados con contratos de alquiler y facturas durante <strong>10 a\u00f1os<\/strong> seg\u00fan lo exigido por las leyes fiscales checas. Otros datos se conservan solo el tiempo necesario para el fin para el que fueron recopilados.<\/p>\n<h4>6. Sus derechos y contacto<\/h4>\n<p><\/p>\n<p>Seg\u00fan el RGPD, tiene derecho a acceder, rectificar, suprimir o limitar el tratamiento de sus datos. Para ejercer estos derechos, p\u00f3ngase en contacto con nosotros:<\/p>\n<p><\/p>\n<ul>\n<li><strong>Correo electr\u00f3nico:<\/strong> <a href=\"mailto:info@tripolamotorrad.com\">info@tripolamotorrad.com<\/a><\/li>\n<li><strong>Tel\u00e9fono:<\/strong> +420 776 025 443<\/li>\n<li><strong>Direcci\u00f3n:<\/strong> KD18 holdings s.r.o., Antala Sta\u0161ka 1859\/34, 140 00 Praha 4-Kr\u010d, Rep\u00fablica Checa<\/li>\n<\/ul>\n\t\t\t\t\t\t\t\t<\/div>\n\t\t\t\t<\/div>\n\t\t\t\t<div class=\"elementor-element elementor-element-59cebfc7 sc_fly_static elementor-widget elementor-widget-spacer\" data-id=\"59cebfc7\" data-element_type=\"widget\" data-e-type=\"widget\" data-widget_type=\"spacer.default\">\n\t\t\t\t<div class=\"elementor-widget-container\">\n\t\t\t\t\t\t\t<div class=\"elementor-spacer\">\n\t\t\t<div class=\"elementor-spacer-inner\"><\/div>\n\t\t<\/div>\n\t\t\t\t\t\t<\/div>\n\t\t\t\t<\/div>\n\t\t\t\t\t<\/div>\n\t\t<\/div>\n\t\t\t\t\t<\/div>\n\t\t<\/section>\n\t\t\t\t<\/div>\n\t\t","protected":false},"excerpt":{"rendered":"<p>Pol\u00edtica de Privacidad \u00daltima actualizaci\u00f3n: Diciembre de 2025 1. Introducci\u00f3n Esta Pol\u00edtica de Privacidad describe c\u00f3mo Tripola Motorrad (operada por KD18 holdings s.r.o., con domicilio social en Antala Sta\u0161ka 1859\/34, 140 00&hellip;<\/p>\n","protected":false},"author":1,"featured_media":0,"parent":0,"menu_order":0,"comment_status":"closed","ping_status":"closed","template":"","meta":{"footnotes":""},"class_list":["post-2459","page","type-page","status-publish","hentry"],"_links":{"self":[{"href":"https:\/\/tripolamotorrad.com\/es\/wp-json\/wp\/v2\/pages\/2459","targetHints":{"allow":["GET"]}}],"collection":[{"href":"https:\/\/tripolamotorrad.com\/es\/wp-json\/wp\/v2\/pages"}],"about":[{"href":"https:\/\/tripolamotorrad.com\/es\/wp-json\/wp\/v2\/types\/page"}],"author":[{"embeddable":true,"href":"https:\/\/tripolamotorrad.com\/es\/wp-json\/wp\/v2\/users\/1"}],"replies":[{"embeddable":true,"href":"https:\/\/tripolamotorrad.com\/es\/wp-json\/wp\/v2\/comments?post=2459"}],"version-history":[{"count":1,"href":"https:\/\/tripolamotorrad.com\/es\/wp-json\/wp\/v2\/pages\/2459\/revisions"}],"predecessor-version":[{"id":2460,"href":"https:\/\/tripolamotorrad.com\/es\/wp-json\/wp\/v2\/pages\/2459\/revisions\/2460"}],"wp:attachment":[{"href":"https:\/\/tripolamotorrad.com\/es\/wp-json\/wp\/v2\/media?parent=2459"}],"curies":[{"name":"wp","href":"https:\/\/api.w.org\/{rel}","templated":true}]}}