{"id":2457,"date":"2019-01-08T12:30:37","date_gmt":"2019-01-08T12:30:37","guid":{"rendered":"https:\/\/tripolamotorrad.com\/datenschutzerklaerung\/"},"modified":"2025-12-11T16:13:45","modified_gmt":"2025-12-11T16:13:45","slug":"datenschutzerklaerung","status":"publish","type":"page","link":"https:\/\/tripolamotorrad.com\/de\/datenschutzerklaerung\/","title":{"rendered":"Datenschutzerkl\u00e4rung"},"content":{"rendered":"\t\t<div data-elementor-type=\"wp-post\" data-elementor-id=\"2457\" class=\"elementor elementor-2457 elementor-66\">\n\t\t\t\t\t\t<section class=\"elementor-section elementor-top-section elementor-element elementor-element-62a4d9b1 elementor-section-boxed elementor-section-height-default elementor-section-height-default\" data-id=\"62a4d9b1\" data-element_type=\"section\" data-e-type=\"section\" data-settings=\"{&quot;background_background&quot;:&quot;classic&quot;}\">\n\t\t\t\t\t\t<div class=\"elementor-container elementor-column-gap-extended\">\n\t\t\t\t\t<div class=\"elementor-column elementor-col-100 elementor-top-column elementor-element elementor-element-b201eb4 sc_inner_width_none sc_content_align_inherit sc_layouts_column_icons_position_left\" data-id=\"b201eb4\" data-element_type=\"column\" data-e-type=\"column\">\n\t\t\t<div class=\"elementor-widget-wrap elementor-element-populated\">\n\t\t\t\t\t\t<div class=\"elementor-element elementor-element-111d9fe5 sc_fly_static elementor-widget elementor-widget-spacer\" data-id=\"111d9fe5\" data-element_type=\"widget\" data-e-type=\"widget\" data-widget_type=\"spacer.default\">\n\t\t\t\t<div class=\"elementor-widget-container\">\n\t\t\t\t\t\t\t<div class=\"elementor-spacer\">\n\t\t\t<div class=\"elementor-spacer-inner\"><\/div>\n\t\t<\/div>\n\t\t\t\t\t\t<\/div>\n\t\t\t\t<\/div>\n\t\t\t\t<div class=\"elementor-element elementor-element-19543589 sc_fly_static elementor-widget elementor-widget-text-editor\" data-id=\"19543589\" data-element_type=\"widget\" data-e-type=\"widget\" data-widget_type=\"text-editor.default\">\n\t\t\t\t<div class=\"elementor-widget-container\">\n\t\t\t\t\t\t\t\t\t<h3>Datenschutzerkl\u00e4rung<\/h3>\n<p><\/p>\n<p>Zuletzt aktualisiert: Dezember 2025<\/p>\n\t\t\t\t\t\t\t\t<\/div>\n\t\t\t\t<\/div>\n\t\t\t\t<div class=\"elementor-element elementor-element-610aea52 sc_fly_static elementor-widget elementor-widget-spacer\" data-id=\"610aea52\" data-element_type=\"widget\" data-e-type=\"widget\" data-widget_type=\"spacer.default\">\n\t\t\t\t<div class=\"elementor-widget-container\">\n\t\t\t\t\t\t\t<div class=\"elementor-spacer\">\n\t\t\t<div class=\"elementor-spacer-inner\"><\/div>\n\t\t<\/div>\n\t\t\t\t\t\t<\/div>\n\t\t\t\t<\/div>\n\t\t\t\t\t<\/div>\n\t\t<\/div>\n\t\t\t\t\t<\/div>\n\t\t<\/section>\n\t\t\t\t<section class=\"elementor-section elementor-top-section elementor-element elementor-element-6ad7dd4b elementor-section-boxed elementor-section-height-default elementor-section-height-default\" data-id=\"6ad7dd4b\" data-element_type=\"section\" data-e-type=\"section\">\n\t\t\t\t\t\t<div class=\"elementor-container elementor-column-gap-extended\">\n\t\t\t\t\t<div class=\"elementor-column elementor-col-100 elementor-top-column elementor-element elementor-element-596b071f sc_inner_width_none sc_content_align_inherit sc_layouts_column_icons_position_left\" data-id=\"596b071f\" data-element_type=\"column\" data-e-type=\"column\">\n\t\t\t<div class=\"elementor-widget-wrap elementor-element-populated\">\n\t\t\t\t\t\t<div class=\"elementor-element elementor-element-4be38 sc_fly_static elementor-widget elementor-widget-spacer\" data-id=\"4be38\" data-element_type=\"widget\" data-e-type=\"widget\" data-widget_type=\"spacer.default\">\n\t\t\t\t<div class=\"elementor-widget-container\">\n\t\t\t\t\t\t\t<div class=\"elementor-spacer\">\n\t\t\t<div class=\"elementor-spacer-inner\"><\/div>\n\t\t<\/div>\n\t\t\t\t\t\t<\/div>\n\t\t\t\t<\/div>\n\t\t\t\t\t<\/div>\n\t\t<\/div>\n\t\t\t\t\t<\/div>\n\t\t<\/section>\n\t\t\t\t<section class=\"elementor-section elementor-top-section elementor-element elementor-element-15ee7252 elementor-section-boxed elementor-section-height-default elementor-section-height-default\" data-id=\"15ee7252\" data-element_type=\"section\" data-e-type=\"section\" data-settings=\"{&quot;background_background&quot;:&quot;classic&quot;}\">\n\t\t\t\t\t\t<div class=\"elementor-container elementor-column-gap-extended\">\n\t\t\t\t\t<div class=\"elementor-column elementor-col-100 elementor-top-column elementor-element elementor-element-362f6888 sc_inner_width_none sc_content_align_inherit sc_layouts_column_icons_position_left\" data-id=\"362f6888\" data-element_type=\"column\" data-e-type=\"column\">\n\t\t\t<div class=\"elementor-widget-wrap elementor-element-populated\">\n\t\t\t\t\t\t<div class=\"elementor-element elementor-element-7c8ac86 sc_fly_static elementor-widget elementor-widget-spacer\" data-id=\"7c8ac86\" data-element_type=\"widget\" data-e-type=\"widget\" data-widget_type=\"spacer.default\">\n\t\t\t\t<div class=\"elementor-widget-container\">\n\t\t\t\t\t\t\t<div class=\"elementor-spacer\">\n\t\t\t<div class=\"elementor-spacer-inner\"><\/div>\n\t\t<\/div>\n\t\t\t\t\t\t<\/div>\n\t\t\t\t<\/div>\n\t\t\t\t<div class=\"elementor-element elementor-element-37ffd7d2 sc_fly_static elementor-widget elementor-widget-text-editor\" data-id=\"37ffd7d2\" data-element_type=\"widget\" data-e-type=\"widget\" data-widget_type=\"text-editor.default\">\n\t\t\t\t<div class=\"elementor-widget-container\">\n\t\t\t\t\t\t\t\t\t<h4>1. Einleitung<\/h4>\n<p><\/p>\n<p>Diese Datenschutzerkl\u00e4rung beschreibt, wie <strong>Tripola Motorrad<\/strong> (betrieben von <strong>KD18 holdings s.r.o.<\/strong>, mit Sitz in <strong>Antala Sta\u0161ka 1859\/34, 140 00 Praha 4-Kr\u010d, Tschechische Republik<\/strong>, USt-IdNr.\/I\u010cO: [I\u010cO einf\u00fcgen]) (\u201ewir\u201c oder \u201euns\u201c) Ihre personenbezogenen Daten erhebt, nutzt und sch\u00fctzt.<\/p>\n<p><\/p>\n<p>Wir verpflichten uns, Ihre Privatsph\u00e4re gem\u00e4\u00df der <strong>Datenschutz-Grundverordnung (DSGVO)<\/strong> zu sch\u00fctzen.<\/p>\n<h4>2. Welche Daten wir erheben<\/h4>\n<p><\/p>\n<p>Um Motorradvermietungs- und Tourenservices anzubieten, erheben wir folgende Datenkategorien:<\/p>\n<p><\/p>\n<ul>\n<li><strong>Identit\u00e4tsdaten:<\/strong> Name, Vorname, Geburtsdatum, Pass-\/Ausweisnummer.<\/li>\n<li><strong>Kontaktdaten:<\/strong> E-Mail-Adresse, Telefonnummer (+420776025443), Rechnungsadresse.<\/li>\n<li><strong>Fahrerdaten:<\/strong> F\u00fchrerscheinnummer, Klasse, Ausstellungsdatum und Fahrpraxis.<\/li>\n<li><strong>Physische Daten:<\/strong> Gr\u00f6\u00dfe, Gewicht und Kleidergr\u00f6\u00dfen (nur bei Mietbekleidung, zur Gew\u00e4hrleistung der Sicherheit).<\/li>\n<li><strong>Finanzdaten:<\/strong> Kreditkartendaten (sichere Verarbeitung \u00fcber unser Zahlungsgateway f\u00fcr Kautionen\/Zahlungen; wir speichern keine vollst\u00e4ndigen Kartennummern).<\/li>\n<li><strong>Standortdaten:<\/strong> Unsere Motorr\u00e4der k\u00f6nnen zum Schutz vor Diebstahl mit <strong>GPS-Trackern<\/strong> ausgestattet sein.<\/li>\n<\/ul>\n<h4>3. Wie wir Ihre Daten nutzen<\/h4>\n<p><\/p>\n<p>Wir verarbeiten Ihre Daten auf Basis folgender Rechtsgrundlagen:<\/p>\n<p><\/p>\n<ul>\n<li><strong>Vertragserf\u00fcllung:<\/strong> Zur Bearbeitung Ihrer Buchung, Pr\u00fcfung der Fahrberechtigung und Verwaltung des Mietvertrags.<\/li>\n<li><strong>Rechtliche Verpflichtung:<\/strong> Einhaltung von Steuergesetzen und Weitergabe von Fahrerdaten an Verkehrsbeh\u00f6rden (Polizei) bei Verkehrsverst\u00f6\u00dfen (Strafzettel etc.).<\/li>\n<li><strong>Berechtigtes Interesse:<\/strong> Schutz unserer Flotte vor Diebstahl (GPS-Tracking) und Abwehr von Rechtsanspr\u00fcchen.<\/li>\n<\/ul>\n<h4>4. Weitergabe von Daten<\/h4>\n<p><\/p>\n<p>Wir verkaufen Ihre Daten nicht. Wir k\u00f6nnen sie weitergeben an:<\/p>\n<p><\/p>\n<ul>\n<li><strong>Versicherungen:<\/strong> Im Falle eines Unfalls oder Schadensfalls.<\/li>\n<li><strong>Strafverfolgungsbeh\u00f6rden:<\/strong> Wenn gesetzlich vorgeschrieben (z. B. Bu\u00dfgelder).<\/li>\n<li><strong>Dienstleister:<\/strong> IT-Support, Buchungssysteme und Zahlungsabwickler, die als Auftragsverarbeiter unter strengen Vertraulichkeitsvereinbarungen handeln.<\/li>\n<\/ul>\n<h4>5. Datenspeicherung<\/h4>\n<p><\/p>\n<p>Personenbezogene Daten im Zusammenhang mit Mietvertr\u00e4gen und Rechnungen bewahren wir gem\u00e4\u00df den tschechischen Steuergesetzen f\u00fcr <strong>10 Jahre<\/strong> auf. Andere Daten werden nur so lange gespeichert, wie es f\u00fcr den Zweck der Erhebung erforderlich ist.<\/p>\n<h4>6. Ihre Rechte &#038; Kontakt<\/h4>\n<p><\/p>\n<p>Gem\u00e4\u00df DSGVO haben Sie das Recht auf Auskunft, Berichtigung, L\u00f6schung oder Einschr\u00e4nkung der Verarbeitung Ihrer Daten. Um diese Rechte auszu\u00fcben, kontaktieren Sie uns bitte:<\/p>\n<p><\/p>\n<ul>\n<li><strong>E-Mail:<\/strong> <a href=\"mailto:info@tripolamotorrad.com\">info@tripolamotorrad.com<\/a><\/li>\n<li><strong>Telefon:<\/strong> +420 776 025 443<\/li>\n<li><strong>Adresse:<\/strong> KD18 holdings s.r.o., Antala Sta\u0161ka 1859\/34, 140 00 Praha 4-Kr\u010d, Tschechische Republik<\/li>\n<\/ul>\n\t\t\t\t\t\t\t\t<\/div>\n\t\t\t\t<\/div>\n\t\t\t\t<div class=\"elementor-element elementor-element-59cebfc7 sc_fly_static elementor-widget elementor-widget-spacer\" data-id=\"59cebfc7\" data-element_type=\"widget\" data-e-type=\"widget\" data-widget_type=\"spacer.default\">\n\t\t\t\t<div class=\"elementor-widget-container\">\n\t\t\t\t\t\t\t<div class=\"elementor-spacer\">\n\t\t\t<div class=\"elementor-spacer-inner\"><\/div>\n\t\t<\/div>\n\t\t\t\t\t\t<\/div>\n\t\t\t\t<\/div>\n\t\t\t\t\t<\/div>\n\t\t<\/div>\n\t\t\t\t\t<\/div>\n\t\t<\/section>\n\t\t\t\t<\/div>\n\t\t","protected":false},"excerpt":{"rendered":"<p>Datenschutzerkl\u00e4rung Zuletzt aktualisiert: Dezember 2025 1. Einleitung Diese Datenschutzerkl\u00e4rung beschreibt, wie Tripola Motorrad (betrieben von KD18 holdings s.r.o., mit Sitz in Antala Sta\u0161ka 1859\/34, 140 00 Praha 4-Kr\u010d, Tschechische Republik, USt-IdNr.\/I\u010cO: [I\u010cO&hellip;<\/p>\n","protected":false},"author":1,"featured_media":0,"parent":0,"menu_order":0,"comment_status":"closed","ping_status":"closed","template":"","meta":{"footnotes":""},"class_list":["post-2457","page","type-page","status-publish","hentry"],"_links":{"self":[{"href":"https:\/\/tripolamotorrad.com\/de\/wp-json\/wp\/v2\/pages\/2457","targetHints":{"allow":["GET"]}}],"collection":[{"href":"https:\/\/tripolamotorrad.com\/de\/wp-json\/wp\/v2\/pages"}],"about":[{"href":"https:\/\/tripolamotorrad.com\/de\/wp-json\/wp\/v2\/types\/page"}],"author":[{"embeddable":true,"href":"https:\/\/tripolamotorrad.com\/de\/wp-json\/wp\/v2\/users\/1"}],"replies":[{"embeddable":true,"href":"https:\/\/tripolamotorrad.com\/de\/wp-json\/wp\/v2\/comments?post=2457"}],"version-history":[{"count":1,"href":"https:\/\/tripolamotorrad.com\/de\/wp-json\/wp\/v2\/pages\/2457\/revisions"}],"predecessor-version":[{"id":2458,"href":"https:\/\/tripolamotorrad.com\/de\/wp-json\/wp\/v2\/pages\/2457\/revisions\/2458"}],"wp:attachment":[{"href":"https:\/\/tripolamotorrad.com\/de\/wp-json\/wp\/v2\/media?parent=2457"}],"curies":[{"name":"wp","href":"https:\/\/api.w.org\/{rel}","templated":true}]}}