{"id":2434,"date":"2019-01-10T10:35:03","date_gmt":"2019-01-10T10:35:03","guid":{"rendered":"https:\/\/tripolamotorrad.com\/faq-haeufig-gestellte-fragen\/"},"modified":"2025-12-11T15:41:12","modified_gmt":"2025-12-11T15:41:12","slug":"faq-haeufig-gestellte-fragen","status":"publish","type":"page","link":"https:\/\/tripolamotorrad.com\/de\/faq-haeufig-gestellte-fragen\/","title":{"rendered":"FAQ (H\u00e4ufig gestellte Fragen)"},"content":{"rendered":"\t\t<div data-elementor-type=\"wp-post\" data-elementor-id=\"2434\" class=\"elementor elementor-2434 elementor-224\">\n\t\t\t\t\t\t<section class=\"elementor-section elementor-top-section elementor-element elementor-element-be6e725 elementor-section-stretched elementor-section-boxed elementor-section-height-default elementor-section-height-default\" data-id=\"be6e725\" data-element_type=\"section\" data-e-type=\"section\" data-settings=\"{&quot;stretch_section&quot;:&quot;section-stretched&quot;,&quot;background_background&quot;:&quot;classic&quot;}\">\n\t\t\t\t\t\t<div class=\"elementor-container elementor-column-gap-no\">\n\t\t\t\t\t<div class=\"elementor-column elementor-col-100 elementor-top-column elementor-element elementor-element-89c6497 sc_inner_width_none sc_content_align_inherit sc_layouts_column_icons_position_left\" data-id=\"89c6497\" data-element_type=\"column\" data-e-type=\"column\">\n\t\t\t<div class=\"elementor-widget-wrap elementor-element-populated\">\n\t\t\t\t\t\t<div class=\"elementor-element elementor-element-2bf7668 sc_fly_static elementor-widget elementor-widget-trx_sc_title\" data-id=\"2bf7668\" data-element_type=\"widget\" data-e-type=\"widget\" data-widget_type=\"trx_sc_title.default\">\n\t\t\t\t<div class=\"elementor-widget-container\">\n\t\t\t\t\t<div id=\"trx_sc_title_857081262\"\n\t\tclass=\"sc_title sc_title_default\"><span class=\"sc_item_subtitle sc_title_subtitle sc_align_center sc_item_subtitle_above sc_item_title_style_default\">FAQs<\/span><h2 class=\"sc_item_title sc_title_title sc_align_center sc_item_title_style_default\"><span class=\"sc_item_title_text\">Frequently Asked Questions<\/span><\/h2><\/div><!-- \/.sc_title -->\t\t\t\t<\/div>\n\t\t\t\t<\/div>\n\t\t\t\t<div class=\"elementor-element elementor-element-d4759d3 sc_fly_static elementor-widget elementor-widget-spacer\" data-id=\"d4759d3\" data-element_type=\"widget\" data-e-type=\"widget\" data-widget_type=\"spacer.default\">\n\t\t\t\t<div class=\"elementor-widget-container\">\n\t\t\t\t\t\t\t<div class=\"elementor-spacer\">\n\t\t\t<div class=\"elementor-spacer-inner\"><\/div>\n\t\t<\/div>\n\t\t\t\t\t\t<\/div>\n\t\t\t\t<\/div>\n\t\t\t\t<section class=\"elementor-section elementor-inner-section elementor-element elementor-element-ae72d7c elementor-section-boxed elementor-section-height-default elementor-section-height-default\" data-id=\"ae72d7c\" data-element_type=\"section\" data-e-type=\"section\">\n\t\t\t\t\t\t<div class=\"elementor-container elementor-column-gap-extended\">\n\t\t\t\t\t<div class=\"elementor-column elementor-col-50 elementor-inner-column elementor-element elementor-element-d8de294 sc_inner_width_none sc_content_align_inherit sc_layouts_column_icons_position_left\" data-id=\"d8de294\" data-element_type=\"column\" data-e-type=\"column\">\n\t\t\t<div class=\"elementor-widget-wrap elementor-element-populated\">\n\t\t\t\t\t\t<div class=\"elementor-element elementor-element-bae8d99 sc_fly_static elementor-widget elementor-widget-toggle\" data-id=\"bae8d99\" data-element_type=\"widget\" data-e-type=\"widget\" data-widget_type=\"toggle.default\">\n\t\t\t\t<div class=\"elementor-widget-container\">\n\t\t\t\t\t\t\t<div class=\"elementor-toggle\">\n\t\t\t\t\t\t\t<div class=\"elementor-toggle-item\">\n\t\t\t\t\t<div id=\"elementor-tab-title-1951\" class=\"elementor-tab-title\" data-tab=\"1\" role=\"button\" aria-controls=\"elementor-tab-content-1951\" aria-expanded=\"false\">\n\t\t\t\t\t\t\t\t\t\t\t\t<span class=\"elementor-toggle-icon elementor-toggle-icon-right\" aria-hidden=\"true\">\n\t\t\t\t\t\t\t\t\t\t\t\t\t\t\t<i class=\"elementor-toggle-icon-closed fa fa-plus\"><\/i>\n\t\t\t\t\t\t\t\t<i class=\"elementor-toggle-icon-opened fa fa-minus\"><\/i>\n\t\t\t\t\t\t\t\t\t\t\t\t\t<\/span>\n\t\t\t\t\t\t\t\t\t\t\t\t<a class=\"elementor-toggle-title\" tabindex=\"0\">Welche Dokumente muss ich zur Abholung mitbringen?<\/a>\n\t\t\t\t\t<\/div>\n\n\t\t\t\t\t<div id=\"elementor-tab-content-1951\" class=\"elementor-tab-content elementor-clearfix\" data-tab=\"1\" role=\"region\" aria-labelledby=\"elementor-tab-title-1951\"><p data-path-to-node=\"11\">Bitte bringen Sie die folgenden drei Dinge mit zur Mietstation:<\/p>\n<ol start=\"1\" data-path-to-node=\"12\">\n<li>\n<p data-path-to-node=\"12,0,0\">Einen <b>g\u00fcltigen Reisepass<\/b> (oder Personalausweis f\u00fcr EU-B\u00fcrger).<\/p>\n<\/li>\n<li>\n<p data-path-to-node=\"12,1,0\">Einen <b>g\u00fcltigen Motorradf\u00fchrerschein<\/b> (Klasse A).<\/p>\n<\/li>\n<li>\n<p data-path-to-node=\"12,2,0\">Eine <b>Kreditkarte<\/b> auf den Namen des Hauptfahrers (f\u00fcr die Kaution).<\/p>\n<\/li>\n<\/ol>\n<\/div>\n\t\t\t\t<\/div>\n\t\t\t\t\t\t\t<div class=\"elementor-toggle-item\">\n\t\t\t\t\t<div id=\"elementor-tab-title-1952\" class=\"elementor-tab-title\" data-tab=\"2\" role=\"button\" aria-controls=\"elementor-tab-content-1952\" aria-expanded=\"false\">\n\t\t\t\t\t\t\t\t\t\t\t\t<span class=\"elementor-toggle-icon elementor-toggle-icon-right\" aria-hidden=\"true\">\n\t\t\t\t\t\t\t\t\t\t\t\t\t\t\t<i class=\"elementor-toggle-icon-closed fa fa-plus\"><\/i>\n\t\t\t\t\t\t\t\t<i class=\"elementor-toggle-icon-opened fa fa-minus\"><\/i>\n\t\t\t\t\t\t\t\t\t\t\t\t\t<\/span>\n\t\t\t\t\t\t\t\t\t\t\t\t<a class=\"elementor-toggle-title\" tabindex=\"0\">Brauche ich einen internationalen F\u00fchrerschein (IDP)?<\/a>\n\t\t\t\t\t<\/div>\n\n\t\t\t\t\t<div id=\"elementor-tab-content-1952\" class=\"elementor-tab-content elementor-clearfix\" data-tab=\"2\" role=\"region\" aria-labelledby=\"elementor-tab-title-1952\"><p>Nein, ein internationaler F\u00fchrerschein ist <b>nicht erforderlich<\/b>, um bei uns zu mieten. Ein g\u00fcltiger Motorradf\u00fchrerschein aus Ihrem Heimatland ist ausreichend.<\/p>\n<\/div>\n\t\t\t\t<\/div>\n\t\t\t\t\t\t\t<div class=\"elementor-toggle-item\">\n\t\t\t\t\t<div id=\"elementor-tab-title-1953\" class=\"elementor-tab-title\" data-tab=\"3\" role=\"button\" aria-controls=\"elementor-tab-content-1953\" aria-expanded=\"false\">\n\t\t\t\t\t\t\t\t\t\t\t\t<span class=\"elementor-toggle-icon elementor-toggle-icon-right\" aria-hidden=\"true\">\n\t\t\t\t\t\t\t\t\t\t\t\t\t\t\t<i class=\"elementor-toggle-icon-closed fa fa-plus\"><\/i>\n\t\t\t\t\t\t\t\t<i class=\"elementor-toggle-icon-opened fa fa-minus\"><\/i>\n\t\t\t\t\t\t\t\t\t\t\t\t\t<\/span>\n\t\t\t\t\t\t\t\t\t\t\t\t<a class=\"elementor-toggle-title\" tabindex=\"0\">Welches Mindestalter und welche Fahrpraxis sind erforderlich?<\/a>\n\t\t\t\t\t<\/div>\n\n\t\t\t\t\t<div id=\"elementor-tab-content-1953\" class=\"elementor-tab-content elementor-clearfix\" data-tab=\"3\" role=\"region\" aria-labelledby=\"elementor-tab-title-1953\"><p>Um Sicherheit und Versicherungsauflagen zu gew\u00e4hrleisten, m\u00fcssen Fahrer mindestens <b>25 Jahre alt<\/b> sein. Die Anforderungen an die Fahrpraxis k\u00f6nnen je nach Leistung des Motorrads (z. B. BMW R1300GS vs. kleinere Modelle) leicht variieren. Bitte pr\u00fcfen Sie f\u00fcr Details den Reiter \u201eTechnische Daten\u201c auf der jeweiligen Motorradseite.<\/p>\n<\/div>\n\t\t\t\t<\/div>\n\t\t\t\t\t\t\t<div class=\"elementor-toggle-item\">\n\t\t\t\t\t<div id=\"elementor-tab-title-1954\" class=\"elementor-tab-title\" data-tab=\"4\" role=\"button\" aria-controls=\"elementor-tab-content-1954\" aria-expanded=\"false\">\n\t\t\t\t\t\t\t\t\t\t\t\t<span class=\"elementor-toggle-icon elementor-toggle-icon-right\" aria-hidden=\"true\">\n\t\t\t\t\t\t\t\t\t\t\t\t\t\t\t<i class=\"elementor-toggle-icon-closed fa fa-plus\"><\/i>\n\t\t\t\t\t\t\t\t<i class=\"elementor-toggle-icon-opened fa fa-minus\"><\/i>\n\t\t\t\t\t\t\t\t\t\t\t\t\t<\/span>\n\t\t\t\t\t\t\t\t\t\t\t\t<a class=\"elementor-toggle-title\" tabindex=\"0\">Wie funktioniert die Kaution?<\/a>\n\t\t\t\t\t<\/div>\n\n\t\t\t\t\t<div id=\"elementor-tab-content-1954\" class=\"elementor-tab-content elementor-clearfix\" data-tab=\"4\" role=\"region\" aria-labelledby=\"elementor-tab-title-1954\"><p data-path-to-node=\"21\">Wir verlangen f\u00fcr jede Anmietung eine Kaution, um m\u00f6gliche Sch\u00e4den oder die Selbstbeteiligung bei Diebstahl abzudecken.<\/p>\n<ul data-path-to-node=\"22\">\n<li>\n<p data-path-to-node=\"22,0,0\"><b>Betrag:<\/b> Der genaue Betrag ist auf der Buchungsseite des jeweiligen Motorrads aufgef\u00fchrt.<\/p>\n<\/li>\n<li>\n<p data-path-to-node=\"22,1,0\"><b>Ablauf:<\/b> Wir <b>blockieren<\/b> (vorautorisieren) den Betrag bei der Abholung auf Ihrer Kreditkarte. Wir buchen ihn nicht ab.<\/p>\n<\/li>\n<li>\n<p data-path-to-node=\"22,2,0\"><b>Freigabe:<\/b> Die Blockierung wird in der Regel innerhalb von <b>3 Werktagen<\/b> aufgehoben, nachdem Sie das Motorrad sicher und wohlbehalten zur\u00fcckgegeben haben.<\/p>\n<\/li>\n<\/ul>\n<\/div>\n\t\t\t\t<\/div>\n\t\t\t\t\t\t\t<div class=\"elementor-toggle-item\">\n\t\t\t\t\t<div id=\"elementor-tab-title-1955\" class=\"elementor-tab-title\" data-tab=\"5\" role=\"button\" aria-controls=\"elementor-tab-content-1955\" aria-expanded=\"false\">\n\t\t\t\t\t\t\t\t\t\t\t\t<span class=\"elementor-toggle-icon elementor-toggle-icon-right\" aria-hidden=\"true\">\n\t\t\t\t\t\t\t\t\t\t\t\t\t\t\t<i class=\"elementor-toggle-icon-closed fa fa-plus\"><\/i>\n\t\t\t\t\t\t\t\t<i class=\"elementor-toggle-icon-opened fa fa-minus\"><\/i>\n\t\t\t\t\t\t\t\t\t\t\t\t\t<\/span>\n\t\t\t\t\t\t\t\t\t\t\t\t<a class=\"elementor-toggle-title\" tabindex=\"0\">Wie sind Ihre Stornierungsbedingungen?<\/a>\n\t\t\t\t\t<\/div>\n\n\t\t\t\t\t<div id=\"elementor-tab-content-1955\" class=\"elementor-tab-content elementor-clearfix\" data-tab=\"5\" role=\"region\" aria-labelledby=\"elementor-tab-title-1955\"><p data-path-to-node=\"24\">Wir verstehen, dass sich Reisepl\u00e4ne \u00e4ndern k\u00f6nnen. Unsere Richtlinie ist fair gestaltet:<\/p>\n<ul data-path-to-node=\"25\">\n<li>\n<p data-path-to-node=\"25,0,0\"><b>30+ Tage vor Abholung:<\/b> 100% R\u00fcckerstattung.<\/p>\n<\/li>\n<li>\n<p data-path-to-node=\"25,1,0\"><b>15\u201330 Tage vor Abholung:<\/b> 50% R\u00fcckerstattung.<\/p>\n<\/li>\n<li>\n<p data-path-to-node=\"25,2,0\"><b>Weniger als 15 Tage:<\/b> Keine R\u00fcckerstattung.<\/p>\n<\/li>\n<\/ul>\n<\/div>\n\t\t\t\t<\/div>\n\t\t\t\t\t\t\t\t<\/div>\n\t\t\t\t\t\t<\/div>\n\t\t\t\t<\/div>\n\t\t\t\t\t<\/div>\n\t\t<\/div>\n\t\t\t\t<div class=\"elementor-column elementor-col-50 elementor-inner-column elementor-element elementor-element-84dcbbc sc_inner_width_none sc_content_align_inherit sc_layouts_column_icons_position_left\" data-id=\"84dcbbc\" data-element_type=\"column\" data-e-type=\"column\">\n\t\t\t<div class=\"elementor-widget-wrap elementor-element-populated\">\n\t\t\t\t\t\t<div class=\"elementor-element elementor-element-d457d7d sc_fly_static elementor-widget elementor-widget-toggle\" data-id=\"d457d7d\" data-element_type=\"widget\" data-e-type=\"widget\" data-widget_type=\"toggle.default\">\n\t\t\t\t<div class=\"elementor-widget-container\">\n\t\t\t\t\t\t\t<div class=\"elementor-toggle\">\n\t\t\t\t\t\t\t<div class=\"elementor-toggle-item\">\n\t\t\t\t\t<div id=\"elementor-tab-title-2221\" class=\"elementor-tab-title\" data-tab=\"1\" role=\"button\" aria-controls=\"elementor-tab-content-2221\" aria-expanded=\"false\">\n\t\t\t\t\t\t\t\t\t\t\t\t<span class=\"elementor-toggle-icon elementor-toggle-icon-right\" aria-hidden=\"true\">\n\t\t\t\t\t\t\t\t\t\t\t\t\t\t\t<i class=\"elementor-toggle-icon-closed fa fa-plus\"><\/i>\n\t\t\t\t\t\t\t\t<i class=\"elementor-toggle-icon-opened fa fa-minus\"><\/i>\n\t\t\t\t\t\t\t\t\t\t\t\t\t<\/span>\n\t\t\t\t\t\t\t\t\t\t\t\t<a class=\"elementor-toggle-title\" tabindex=\"0\">Ist die Versicherung im Mietpreis enthalten?<\/a>\n\t\t\t\t\t<\/div>\n\n\t\t\t\t\t<div id=\"elementor-tab-content-2221\" class=\"elementor-tab-content elementor-clearfix\" data-tab=\"1\" role=\"region\" aria-labelledby=\"elementor-tab-title-2221\"><p>Ja, alle unsere Motorr\u00e4der sind versichert, damit Sie unbesorgt fahren k\u00f6nnen. <i>[Content Placeholder: Spezifische Details zu Selbstbeteiligungen und Deckungsstufen werden sp\u00e4ter hinzugef\u00fcgt]<\/i><\/p>\n<\/div>\n\t\t\t\t<\/div>\n\t\t\t\t\t\t\t<div class=\"elementor-toggle-item\">\n\t\t\t\t\t<div id=\"elementor-tab-title-2222\" class=\"elementor-tab-title\" data-tab=\"2\" role=\"button\" aria-controls=\"elementor-tab-content-2222\" aria-expanded=\"false\">\n\t\t\t\t\t\t\t\t\t\t\t\t<span class=\"elementor-toggle-icon elementor-toggle-icon-right\" aria-hidden=\"true\">\n\t\t\t\t\t\t\t\t\t\t\t\t\t\t\t<i class=\"elementor-toggle-icon-closed fa fa-plus\"><\/i>\n\t\t\t\t\t\t\t\t<i class=\"elementor-toggle-icon-opened fa fa-minus\"><\/i>\n\t\t\t\t\t\t\t\t\t\t\t\t\t<\/span>\n\t\t\t\t\t\t\t\t\t\t\t\t<a class=\"elementor-toggle-title\" tabindex=\"0\">Darf ich Grenzen in andere EU-L\u00e4nder \u00fcberqueren?<\/a>\n\t\t\t\t\t<\/div>\n\n\t\t\t\t\t<div id=\"elementor-tab-content-2222\" class=\"elementor-tab-content elementor-clearfix\" data-tab=\"2\" role=\"region\" aria-labelledby=\"elementor-tab-title-2222\"><p>Absolut. Wir unterst\u00fctzen Entdeckergeist! Sie k\u00f6nnen frei Grenzen \u00fcberqueren und durch jedes Land innerhalb der <b>Europ\u00e4ischen Union<\/b> fahren. Egal, ob Sie in die \u00f6sterreichischen Alpen, die italienischen Dolomiten oder auf die deutsche Autobahn wollen \u2013 die Stra\u00dfe geh\u00f6rt Ihnen.<\/p>\n<\/div>\n\t\t\t\t<\/div>\n\t\t\t\t\t\t\t<div class=\"elementor-toggle-item\">\n\t\t\t\t\t<div id=\"elementor-tab-title-2223\" class=\"elementor-tab-title\" data-tab=\"3\" role=\"button\" aria-controls=\"elementor-tab-content-2223\" aria-expanded=\"false\">\n\t\t\t\t\t\t\t\t\t\t\t\t<span class=\"elementor-toggle-icon elementor-toggle-icon-right\" aria-hidden=\"true\">\n\t\t\t\t\t\t\t\t\t\t\t\t\t\t\t<i class=\"elementor-toggle-icon-closed fa fa-plus\"><\/i>\n\t\t\t\t\t\t\t\t<i class=\"elementor-toggle-icon-opened fa fa-minus\"><\/i>\n\t\t\t\t\t\t\t\t\t\t\t\t\t<\/span>\n\t\t\t\t\t\t\t\t\t\t\t\t<a class=\"elementor-toggle-title\" tabindex=\"0\">Bieten Sie Einwegmieten an?<\/a>\n\t\t\t\t\t<\/div>\n\n\t\t\t\t\t<div id=\"elementor-tab-content-2223\" class=\"elementor-tab-content elementor-clearfix\" data-tab=\"3\" role=\"region\" aria-labelledby=\"elementor-tab-title-2223\"><p>Ja! Wir sind auf flexibles Reisen spezialisiert. Sie k\u00f6nnen Ihr Motorrad in <b>Prag<\/b> abholen und in <b>Wien<\/b> zur\u00fcckgeben (oder umgekehrt). Dies ist perfekt f\u00fcr Fahrer, die ihre Reisezeit maximieren m\u00f6chten, ohne den gleichen Weg zur\u00fcckfahren zu m\u00fcssen. <i>[Content Placeholder: Spezifische Einweggeb\u00fchren und Logistikdetails werden sp\u00e4ter hinzugef\u00fcgt]<\/i><\/p>\n<\/div>\n\t\t\t\t<\/div>\n\t\t\t\t\t\t\t<div class=\"elementor-toggle-item\">\n\t\t\t\t\t<div id=\"elementor-tab-title-2224\" class=\"elementor-tab-title\" data-tab=\"4\" role=\"button\" aria-controls=\"elementor-tab-content-2224\" aria-expanded=\"false\">\n\t\t\t\t\t\t\t\t\t\t\t\t<span class=\"elementor-toggle-icon elementor-toggle-icon-right\" aria-hidden=\"true\">\n\t\t\t\t\t\t\t\t\t\t\t\t\t\t\t<i class=\"elementor-toggle-icon-closed fa fa-plus\"><\/i>\n\t\t\t\t\t\t\t\t<i class=\"elementor-toggle-icon-opened fa fa-minus\"><\/i>\n\t\t\t\t\t\t\t\t\t\t\t\t\t<\/span>\n\t\t\t\t\t\t\t\t\t\t\t\t<a class=\"elementor-toggle-title\" tabindex=\"0\">Gibt es ein t\u00e4gliches Kilometerlimit?<\/a>\n\t\t\t\t\t<\/div>\n\n\t\t\t\t\t<div id=\"elementor-tab-content-2224\" class=\"elementor-tab-content elementor-clearfix\" data-tab=\"4\" role=\"region\" aria-labelledby=\"elementor-tab-title-2224\"><p>Ja, unsere Vermietungen beinhalten eine bestimmte t\u00e4gliche Freikilometer-Pauschale. Dieses Limit ist auf der Buchungskarte jedes Motorrads deutlich angegeben. <i>(Tipp: Wenn Sie eine besonders lange \u201eIron Butt\u201c-Herausforderung planen, kontaktieren Sie uns bitte, um individuelle Kilometerpakete zu besprechen.)<\/i><\/p>\n<\/div>\n\t\t\t\t<\/div>\n\t\t\t\t\t\t\t<div class=\"elementor-toggle-item\">\n\t\t\t\t\t<div id=\"elementor-tab-title-2225\" class=\"elementor-tab-title\" data-tab=\"5\" role=\"button\" aria-controls=\"elementor-tab-content-2225\" aria-expanded=\"false\">\n\t\t\t\t\t\t\t\t\t\t\t\t<span class=\"elementor-toggle-icon elementor-toggle-icon-right\" aria-hidden=\"true\">\n\t\t\t\t\t\t\t\t\t\t\t\t\t\t\t<i class=\"elementor-toggle-icon-closed fa fa-plus\"><\/i>\n\t\t\t\t\t\t\t\t<i class=\"elementor-toggle-icon-opened fa fa-minus\"><\/i>\n\t\t\t\t\t\t\t\t\t\t\t\t\t<\/span>\n\t\t\t\t\t\t\t\t\t\t\t\t<a class=\"elementor-toggle-title\" tabindex=\"0\">Sind Seitenkoffer (Panniers) und Topcase inklusive?<\/a>\n\t\t\t\t\t<\/div>\n\n\t\t\t\t\t<div id=\"elementor-tab-content-2225\" class=\"elementor-tab-content elementor-clearfix\" data-tab=\"5\" role=\"region\" aria-labelledby=\"elementor-tab-title-2225\"><p>Ja. Wir glauben, dass ein Touring-Bike ohne Gep\u00e4ck nicht komplett ist. <b>Alle unsere Motorr\u00e4der sind mit originalen Hartschalen-Seitenkoffern ausgestattet<\/b>. <i>Hinweis: Topcases sind ebenfalls verf\u00fcgbar \u2013 pr\u00fcfen Sie die spezifische Konfiguration des Motorrads oder fragen Sie uns bei der Buchung.<\/i><\/p>\n<\/div>\n\t\t\t\t<\/div>\n\t\t\t\t\t\t\t<div class=\"elementor-toggle-item\">\n\t\t\t\t\t<div id=\"elementor-tab-title-2226\" class=\"elementor-tab-title\" data-tab=\"6\" role=\"button\" aria-controls=\"elementor-tab-content-2226\" aria-expanded=\"false\">\n\t\t\t\t\t\t\t\t\t\t\t\t<span class=\"elementor-toggle-icon elementor-toggle-icon-right\" aria-hidden=\"true\">\n\t\t\t\t\t\t\t\t\t\t\t\t\t\t\t<i class=\"elementor-toggle-icon-closed fa fa-plus\"><\/i>\n\t\t\t\t\t\t\t\t<i class=\"elementor-toggle-icon-opened fa fa-minus\"><\/i>\n\t\t\t\t\t\t\t\t\t\t\t\t\t<\/span>\n\t\t\t\t\t\t\t\t\t\t\t\t<a class=\"elementor-toggle-title\" tabindex=\"0\">Vermieten Sie Motorradbekleidung (Helme, Jacken, Handschuhe)?<\/a>\n\t\t\t\t\t<\/div>\n\n\t\t\t\t\t<div id=\"elementor-tab-content-2226\" class=\"elementor-tab-content elementor-clearfix\" data-tab=\"6\" role=\"region\" aria-labelledby=\"elementor-tab-title-2226\"><p>Reisen Sie mit leichtem Gep\u00e4ck? Kein Problem. Wir bieten hochwertige Motorradbekleidung (Helme, Jacken, Handschuhe) als <b>Zusatzoptionen<\/b> an. Sie k\u00f6nnen w\u00e4hrend des Online-Buchungsprozesses genau das ausw\u00e4hlen, was Sie ben\u00f6tigen.<\/p>\n<\/div>\n\t\t\t\t<\/div>\n\t\t\t\t\t\t\t<div class=\"elementor-toggle-item\">\n\t\t\t\t\t<div id=\"elementor-tab-title-2227\" class=\"elementor-tab-title\" data-tab=\"7\" role=\"button\" aria-controls=\"elementor-tab-content-2227\" aria-expanded=\"false\">\n\t\t\t\t\t\t\t\t\t\t\t\t<span class=\"elementor-toggle-icon elementor-toggle-icon-right\" aria-hidden=\"true\">\n\t\t\t\t\t\t\t\t\t\t\t\t\t\t\t<i class=\"elementor-toggle-icon-closed fa fa-plus\"><\/i>\n\t\t\t\t\t\t\t\t<i class=\"elementor-toggle-icon-opened fa fa-minus\"><\/i>\n\t\t\t\t\t\t\t\t\t\t\t\t\t<\/span>\n\t\t\t\t\t\t\t\t\t\t\t\t<a class=\"elementor-toggle-title\" tabindex=\"0\">Was passiert im Falle einer Panne oder eines platten Reifens?<\/a>\n\t\t\t\t\t<\/div>\n\n\t\t\t\t\t<div id=\"elementor-tab-content-2227\" class=\"elementor-tab-content elementor-clearfix\" data-tab=\"7\" role=\"region\" aria-labelledby=\"elementor-tab-title-2227\"><p>Wir halten Ihnen den R\u00fccken frei. Wir organisieren Unterst\u00fctzung f\u00fcr unsere Kunden, um sicherzustellen, dass Sie nicht liegenbleiben. Wenn Sie ein mechanisches Problem oder einen Reifenschaden haben, kontaktieren Sie einfach unsere Support-Hotline, und wir f\u00fchren Sie zur L\u00f6sung. <i>[Content Placeholder: Spezifische Details zum Pannenhilfe-Partner werden sp\u00e4ter hinzugef\u00fcgt]<\/i><\/p>\n<\/div>\n\t\t\t\t<\/div>\n\t\t\t\t\t\t\t\t<\/div>\n\t\t\t\t\t\t<\/div>\n\t\t\t\t<\/div>\n\t\t\t\t\t<\/div>\n\t\t<\/div>\n\t\t\t\t\t<\/div>\n\t\t<\/section>\n\t\t\t\t\t<\/div>\n\t\t<\/div>\n\t\t\t\t\t<\/div>\n\t\t<\/section>\n\t\t\t\t<section class=\"elementor-section elementor-top-section elementor-element elementor-element-19a6cc9 elementor-section-boxed elementor-section-height-default elementor-section-height-default\" data-id=\"19a6cc9\" data-element_type=\"section\" data-e-type=\"section\">\n\t\t\t\t\t\t<div class=\"elementor-container elementor-column-gap-extended\">\n\t\t\t\t\t<div class=\"elementor-column elementor-col-16 elementor-top-column elementor-element elementor-element-62e4b46 sc_inner_width_none sc_content_align_inherit sc_layouts_column_icons_position_left\" data-id=\"62e4b46\" data-element_type=\"column\" data-e-type=\"column\">\n\t\t\t<div class=\"elementor-widget-wrap\">\n\t\t\t\t\t\t\t<\/div>\n\t\t<\/div>\n\t\t\t\t<div class=\"elementor-column elementor-col-66 elementor-top-column elementor-element elementor-element-f428c88 sc_inner_width_none sc_content_align_inherit sc_layouts_column_icons_position_left\" data-id=\"f428c88\" data-element_type=\"column\" data-e-type=\"column\">\n\t\t\t<div class=\"elementor-widget-wrap elementor-element-populated\">\n\t\t\t\t\t\t<div class=\"elementor-element elementor-element-b125141 sc_fly_static elementor-widget elementor-widget-trx_sc_title\" data-id=\"b125141\" data-element_type=\"widget\" data-e-type=\"widget\" data-widget_type=\"trx_sc_title.default\">\n\t\t\t\t<div class=\"elementor-widget-container\">\n\t\t\t\t\t<div id=\"trx_sc_title_759526617\"\n\t\tclass=\"sc_title sc_title_default\"><span class=\"sc_item_subtitle sc_title_subtitle sc_align_center sc_item_subtitle_above sc_item_title_style_default\">not finding it?<\/span><h2 class=\"sc_item_title sc_title_title sc_align_center sc_item_title_style_default\"><span class=\"sc_item_title_text\">Submit Your Question<\/span><\/h2><\/div><!-- \/.sc_title -->\t\t\t\t<\/div>\n\t\t\t\t<\/div>\n\t\t\t\t<div class=\"elementor-element elementor-element-f27d034 sc_fly_static elementor-widget elementor-widget-spacer\" data-id=\"f27d034\" data-element_type=\"widget\" data-e-type=\"widget\" data-widget_type=\"spacer.default\">\n\t\t\t\t<div class=\"elementor-widget-container\">\n\t\t\t\t\t\t\t<div class=\"elementor-spacer\">\n\t\t\t<div class=\"elementor-spacer-inner\"><\/div>\n\t\t<\/div>\n\t\t\t\t\t\t<\/div>\n\t\t\t\t<\/div>\n\t\t\t\t<div class=\"elementor-element elementor-element-7470ba1 sc_fly_static elementor-widget elementor-widget-shortcode\" data-id=\"7470ba1\" data-element_type=\"widget\" data-e-type=\"widget\" data-widget_type=\"shortcode.default\">\n\t\t\t\t<div class=\"elementor-widget-container\">\n\t\t\t\t\t\t\t<div class=\"elementor-shortcode\">\n<div class=\"wpcf7 no-js\" id=\"wpcf7-f81-o1\" lang=\"en-US\" dir=\"ltr\" data-wpcf7-id=\"81\">\n<div class=\"screen-reader-response\"><p role=\"status\" aria-live=\"polite\" aria-atomic=\"true\"><\/p> <ul><\/ul><\/div>\n<form action=\"\/de\/wp-json\/wp\/v2\/pages\/2434#wpcf7-f81-o1\" method=\"post\" class=\"wpcf7-form init\" aria-label=\"Contact form\" novalidate=\"novalidate\" data-status=\"init\">\n<fieldset class=\"hidden-fields-container\"><input type=\"hidden\" name=\"_wpcf7\" value=\"81\" \/><input type=\"hidden\" name=\"_wpcf7_version\" value=\"6.1.5\" \/><input type=\"hidden\" name=\"_wpcf7_locale\" value=\"en_US\" \/><input type=\"hidden\" name=\"_wpcf7_unit_tag\" value=\"wpcf7-f81-o1\" \/><input type=\"hidden\" name=\"_wpcf7_container_post\" value=\"0\" \/><input type=\"hidden\" name=\"_wpcf7_posted_data_hash\" value=\"\" \/>\n<\/fieldset>\n<div class=\"columns_wrap\">\n<div class=\"column-1_2\"><span class=\"wpcf7-form-control-wrap\" data-name=\"your-name\"><input size=\"40\" maxlength=\"400\" class=\"wpcf7-form-control wpcf7-text wpcf7-validates-as-required\" aria-required=\"true\" aria-invalid=\"false\" placeholder=\"Enter Your Name\" value=\"\" type=\"text\" name=\"your-name\" \/><\/span><\/div>\n<div class=\"column-1_2\"><span class=\"wpcf7-form-control-wrap\" data-name=\"your-email\"><input size=\"40\" maxlength=\"400\" class=\"wpcf7-form-control wpcf7-email wpcf7-validates-as-required wpcf7-text wpcf7-validates-as-email\" aria-required=\"true\" aria-invalid=\"false\" placeholder=\"Enter Your Email\" value=\"\" type=\"email\" name=\"your-email\" \/><\/span><\/div>\n<\/div>\n<div class=\"columns_wrap\">\n<div class=\"column-1_1 pad-bot\"><span class=\"wpcf7-form-control-wrap\" data-name=\"your-message\"><textarea cols=\"40\" rows=\"10\" maxlength=\"2000\" class=\"wpcf7-form-control wpcf7-textarea wpcf7-validates-as-required\" aria-required=\"true\" aria-invalid=\"false\" placeholder=\"Enter Your Message\" name=\"your-message\"><\/textarea><\/span><\/div>\n<\/div>\n<div class=\"columns_wrap\">\n<div class=\"column-2_3\"><span class=\"wpcf7-form-control-wrap\" data-name=\"acceptance-507\"><span class=\"wpcf7-form-control wpcf7-acceptance\"><span class=\"wpcf7-list-item\"><label><input type=\"checkbox\" name=\"acceptance-507\" value=\"1\" aria-invalid=\"false\" \/><span class=\"wpcf7-list-item-label\">I agree with the storage and handling of your data by this website.<br> For further details on handling user data, see our <a href=\"\/privacy-policy\/\">Privacy Policy<\/a><\/span><\/label><\/span><\/span><\/span><\/div>\n<div class=\"column-1_3 textalignright\"><input class=\"wpcf7-form-control wpcf7-submit has-spinner\" type=\"submit\" value=\"Send Message\" \/><\/div>\n<\/div><div class=\"wpcf7-response-output\" aria-hidden=\"true\"><\/div>\n<\/form>\n<\/div>\n<\/div>\n\t\t\t\t\t\t<\/div>\n\t\t\t\t<\/div>\n\t\t\t\t\t<\/div>\n\t\t<\/div>\n\t\t\t\t<div class=\"elementor-column elementor-col-16 elementor-top-column elementor-element elementor-element-a066806 sc_inner_width_none sc_content_align_inherit sc_layouts_column_icons_position_left\" data-id=\"a066806\" data-element_type=\"column\" data-e-type=\"column\">\n\t\t\t<div class=\"elementor-widget-wrap\">\n\t\t\t\t\t\t\t<\/div>\n\t\t<\/div>\n\t\t\t\t\t<\/div>\n\t\t<\/section>\n\t\t\t\t<\/div>\n\t\t","protected":false},"excerpt":{"rendered":"<p>FAQs Frequently Asked Questions Welche Dokumente muss ich zur Abholung mitbringen? Bitte bringen Sie die folgenden drei Dinge mit zur Mietstation: Einen g\u00fcltigen Reisepass (oder Personalausweis f\u00fcr EU-B\u00fcrger). Einen g\u00fcltigen Motorradf\u00fchrerschein (Klasse&hellip;<\/p>\n","protected":false},"author":1,"featured_media":0,"parent":0,"menu_order":0,"comment_status":"closed","ping_status":"closed","template":"","meta":{"footnotes":""},"class_list":["post-2434","page","type-page","status-publish","hentry"],"_links":{"self":[{"href":"https:\/\/tripolamotorrad.com\/de\/wp-json\/wp\/v2\/pages\/2434","targetHints":{"allow":["GET"]}}],"collection":[{"href":"https:\/\/tripolamotorrad.com\/de\/wp-json\/wp\/v2\/pages"}],"about":[{"href":"https:\/\/tripolamotorrad.com\/de\/wp-json\/wp\/v2\/types\/page"}],"author":[{"embeddable":true,"href":"https:\/\/tripolamotorrad.com\/de\/wp-json\/wp\/v2\/users\/1"}],"replies":[{"embeddable":true,"href":"https:\/\/tripolamotorrad.com\/de\/wp-json\/wp\/v2\/comments?post=2434"}],"version-history":[{"count":1,"href":"https:\/\/tripolamotorrad.com\/de\/wp-json\/wp\/v2\/pages\/2434\/revisions"}],"predecessor-version":[{"id":2435,"href":"https:\/\/tripolamotorrad.com\/de\/wp-json\/wp\/v2\/pages\/2434\/revisions\/2435"}],"wp:attachment":[{"href":"https:\/\/tripolamotorrad.com\/de\/wp-json\/wp\/v2\/media?parent=2434"}],"curies":[{"name":"wp","href":"https:\/\/api.w.org\/{rel}","templated":true}]}}