{"id":2634,"date":"2019-01-10T09:54:56","date_gmt":"2019-01-10T09:54:56","guid":{"rendered":"https:\/\/tripolamotorrad.com\/kontakt\/"},"modified":"2026-04-28T09:42:21","modified_gmt":"2026-04-28T08:42:21","slug":"kontakt","status":"publish","type":"page","link":"https:\/\/tripolamotorrad.com\/cs\/kontakt\/","title":{"rendered":"Kontakt"},"content":{"rendered":"\t\t<div data-elementor-type=\"wp-post\" data-elementor-id=\"2634\" class=\"elementor elementor-2634 elementor-199\">\n\t\t\t\t\t\t<section class=\"elementor-section elementor-top-section elementor-element elementor-element-77cad48 elementor-section-stretched elementor-section-boxed elementor-section-height-default elementor-section-height-default\" data-id=\"77cad48\" data-element_type=\"section\" data-e-type=\"section\" data-settings=\"{&quot;stretch_section&quot;:&quot;section-stretched&quot;,&quot;background_background&quot;:&quot;classic&quot;}\">\n\t\t\t\t\t\t<div class=\"elementor-container elementor-column-gap-extended\">\n\t\t\t\t\t<div class=\"elementor-column elementor-col-33 elementor-top-column elementor-element elementor-element-4496104 sc_inner_width_none sc_content_align_inherit sc_layouts_column_icons_position_left\" data-id=\"4496104\" data-element_type=\"column\" data-e-type=\"column\">\n\t\t\t<div class=\"elementor-widget-wrap elementor-element-populated\">\n\t\t\t\t\t\t<div class=\"elementor-element elementor-element-bbc3b71 sc_fly_static elementor-widget elementor-widget-trx_sc_icons\" data-id=\"bbc3b71\" data-element_type=\"widget\" data-e-type=\"widget\" data-widget_type=\"trx_sc_icons.default\">\n\t\t\t\t<div class=\"elementor-widget-container\">\n\t\t\t\t\t<div id=\"trx_sc_icons_1828761443\" \n\tclass=\"sc_icons sc_icons_extra sc_icons_size_small sc_align_center\"><div class=\"sc_icons_item\"><div class=\"sc_icons_icon sc_icon_type_ icon-google_marker\"><span class=\"sc_icon_type_ icon-google_marker\"><\/span><\/div><div class=\"sc_icons_item_details\"><h4 class=\"sc_icons_item_title\"><span>Visit Office<\/span><\/h4><div class=\"sc_icons_item_description\"><span>Antala Sta\u0161ka 1859\/34 Chech Republic 140 00 Praha 4-Kr\u010d<\/span><\/div><\/div><\/div><\/div><!-- \/.sc_icons -->\t\t\t\t<\/div>\n\t\t\t\t<\/div>\n\t\t\t\t\t<\/div>\n\t\t<\/div>\n\t\t\t\t<div class=\"elementor-column elementor-col-33 elementor-top-column elementor-element elementor-element-3c50919 sc_inner_width_none sc_content_align_inherit sc_layouts_column_icons_position_left\" data-id=\"3c50919\" data-element_type=\"column\" data-e-type=\"column\">\n\t\t\t<div class=\"elementor-widget-wrap elementor-element-populated\">\n\t\t\t\t\t\t<div class=\"elementor-element elementor-element-d0c0c69 sc_fly_static elementor-widget elementor-widget-trx_sc_icons\" data-id=\"d0c0c69\" data-element_type=\"widget\" data-e-type=\"widget\" data-widget_type=\"trx_sc_icons.default\">\n\t\t\t\t<div class=\"elementor-widget-container\">\n\t\t\t\t\t<div id=\"trx_sc_icons_84634514\" \n\tclass=\"sc_icons sc_icons_extra sc_icons_size_small sc_align_center\"><div class=\"sc_icons_item\"><div class=\"sc_icons_icon sc_icon_type_ icon-phone-1\"><span class=\"sc_icon_type_ icon-phone-1\"><\/span><\/div><div class=\"sc_icons_item_details\"><h4 class=\"sc_icons_item_title\"><span>Phone Number<\/span><\/h4><div class=\"sc_icons_item_description\"><span><a href=\"tel:+420776025443\">+420 776 025 443<\/a>  \r<\/span><span>(Urgentn\u00ed podpora pro zaplacen\u00e9 objedn\u00e1vky)\r<\/span><span><\/span><\/div><\/div><\/div><\/div><!-- \/.sc_icons -->\t\t\t\t<\/div>\n\t\t\t\t<\/div>\n\t\t\t\t\t<\/div>\n\t\t<\/div>\n\t\t\t\t<div class=\"elementor-column elementor-col-33 elementor-top-column elementor-element elementor-element-73d46a8 sc_inner_width_none sc_content_align_inherit sc_layouts_column_icons_position_left\" data-id=\"73d46a8\" data-element_type=\"column\" data-e-type=\"column\">\n\t\t\t<div class=\"elementor-widget-wrap elementor-element-populated\">\n\t\t\t\t\t\t<div class=\"elementor-element elementor-element-b5b17db sc_fly_static elementor-widget elementor-widget-trx_sc_icons\" data-id=\"b5b17db\" data-element_type=\"widget\" data-e-type=\"widget\" data-widget_type=\"trx_sc_icons.default\">\n\t\t\t\t<div class=\"elementor-widget-container\">\n\t\t\t\t\t<div id=\"trx_sc_icons_61041782\" \n\tclass=\"sc_icons sc_icons_extra sc_icons_size_small sc_align_center\"><div class=\"sc_icons_item\"><div class=\"sc_icons_icon sc_icon_type_ icon-001_mail\"><span class=\"sc_icon_type_ icon-001_mail\"><\/span><\/div><div class=\"sc_icons_item_details\"><h4 class=\"sc_icons_item_title\"><span>Mail Us<\/span><\/h4><div class=\"sc_icons_item_description\"><span><a href=\"mailto:info@tripolamotorrad.com\">info@tripolamotorrad.com<\/a><\/span><\/div><\/div><\/div><\/div><!-- \/.sc_icons -->\t\t\t\t<\/div>\n\t\t\t\t<\/div>\n\t\t\t\t\t<\/div>\n\t\t<\/div>\n\t\t\t\t\t<\/div>\n\t\t<\/section>\n\t\t\t\t<section class=\"elementor-section elementor-top-section elementor-element elementor-element-153e22d elementor-section-boxed elementor-section-height-default elementor-section-height-default\" data-id=\"153e22d\" data-element_type=\"section\" data-e-type=\"section\">\n\t\t\t\t\t\t<div class=\"elementor-container elementor-column-gap-extended\">\n\t\t\t\t\t<div class=\"elementor-column elementor-col-16 elementor-top-column elementor-element elementor-element-c6d6fae sc_inner_width_none sc_content_align_inherit sc_layouts_column_icons_position_left\" data-id=\"c6d6fae\" data-element_type=\"column\" data-e-type=\"column\">\n\t\t\t<div class=\"elementor-widget-wrap\">\n\t\t\t\t\t\t\t<\/div>\n\t\t<\/div>\n\t\t\t\t<div class=\"elementor-column elementor-col-66 elementor-top-column elementor-element elementor-element-2c2b435 sc_inner_width_none sc_content_align_inherit sc_layouts_column_icons_position_left\" data-id=\"2c2b435\" data-element_type=\"column\" data-e-type=\"column\">\n\t\t\t<div class=\"elementor-widget-wrap elementor-element-populated\">\n\t\t\t\t\t\t<div class=\"elementor-element elementor-element-b20971e sc_fly_static elementor-widget elementor-widget-trx_sc_title\" data-id=\"b20971e\" data-element_type=\"widget\" data-e-type=\"widget\" data-widget_type=\"trx_sc_title.default\">\n\t\t\t\t<div class=\"elementor-widget-container\">\n\t\t\t\t\t<div id=\"trx_sc_title_1013744190\"\n\t\tclass=\"sc_title sc_title_default\"><span class=\"sc_item_subtitle sc_title_subtitle sc_align_center sc_item_subtitle_above sc_item_title_style_default\">mail us<\/span><h2 class=\"sc_item_title sc_title_title sc_align_center sc_item_title_style_default\"><span class=\"sc_item_title_text\">Drop a Line<\/span><\/h2><\/div><!-- \/.sc_title -->\t\t\t\t<\/div>\n\t\t\t\t<\/div>\n\t\t\t\t<div class=\"elementor-element elementor-element-8c3bbfd sc_fly_static elementor-widget elementor-widget-spacer\" data-id=\"8c3bbfd\" data-element_type=\"widget\" data-e-type=\"widget\" data-widget_type=\"spacer.default\">\n\t\t\t\t<div class=\"elementor-widget-container\">\n\t\t\t\t\t\t\t<div class=\"elementor-spacer\">\n\t\t\t<div class=\"elementor-spacer-inner\"><\/div>\n\t\t<\/div>\n\t\t\t\t\t\t<\/div>\n\t\t\t\t<\/div>\n\t\t\t\t<div class=\"elementor-element elementor-element-c9386a7 sc_fly_static elementor-widget elementor-widget-shortcode\" data-id=\"c9386a7\" data-element_type=\"widget\" data-e-type=\"widget\" data-widget_type=\"shortcode.default\">\n\t\t\t\t<div class=\"elementor-widget-container\">\n\t\t\t\t\t\t\t<div class=\"elementor-shortcode\">\n<div class=\"wpcf7 no-js\" id=\"wpcf7-f81-o1\" lang=\"en-US\" dir=\"ltr\" data-wpcf7-id=\"81\">\n<div class=\"screen-reader-response\"><p role=\"status\" aria-live=\"polite\" aria-atomic=\"true\"><\/p> <ul><\/ul><\/div>\n<form action=\"\/cs\/wp-json\/wp\/v2\/pages\/2634#wpcf7-f81-o1\" method=\"post\" class=\"wpcf7-form init\" aria-label=\"Contact form\" novalidate=\"novalidate\" data-status=\"init\">\n<fieldset class=\"hidden-fields-container\"><input type=\"hidden\" name=\"_wpcf7\" value=\"81\" \/><input type=\"hidden\" name=\"_wpcf7_version\" value=\"6.1.5\" \/><input type=\"hidden\" name=\"_wpcf7_locale\" value=\"en_US\" \/><input type=\"hidden\" name=\"_wpcf7_unit_tag\" value=\"wpcf7-f81-o1\" \/><input type=\"hidden\" name=\"_wpcf7_container_post\" value=\"0\" \/><input type=\"hidden\" name=\"_wpcf7_posted_data_hash\" value=\"\" \/>\n<\/fieldset>\n<div class=\"columns_wrap\">\n<div class=\"column-1_2\"><span class=\"wpcf7-form-control-wrap\" data-name=\"your-name\"><input size=\"40\" maxlength=\"400\" class=\"wpcf7-form-control wpcf7-text wpcf7-validates-as-required\" aria-required=\"true\" aria-invalid=\"false\" placeholder=\"Enter Your Name\" value=\"\" type=\"text\" name=\"your-name\" \/><\/span><\/div>\n<div class=\"column-1_2\"><span class=\"wpcf7-form-control-wrap\" data-name=\"your-email\"><input size=\"40\" maxlength=\"400\" class=\"wpcf7-form-control wpcf7-email wpcf7-validates-as-required wpcf7-text wpcf7-validates-as-email\" aria-required=\"true\" aria-invalid=\"false\" placeholder=\"Enter Your Email\" value=\"\" type=\"email\" name=\"your-email\" \/><\/span><\/div>\n<\/div>\n<div class=\"columns_wrap\">\n<div class=\"column-1_1 pad-bot\"><span class=\"wpcf7-form-control-wrap\" data-name=\"your-message\"><textarea cols=\"40\" rows=\"10\" maxlength=\"2000\" class=\"wpcf7-form-control wpcf7-textarea wpcf7-validates-as-required\" aria-required=\"true\" aria-invalid=\"false\" placeholder=\"Enter Your Message\" name=\"your-message\"><\/textarea><\/span><\/div>\n<\/div>\n<div class=\"columns_wrap\">\n<div class=\"column-2_3\"><span class=\"wpcf7-form-control-wrap\" data-name=\"acceptance-507\"><span class=\"wpcf7-form-control wpcf7-acceptance\"><span class=\"wpcf7-list-item\"><label><input type=\"checkbox\" name=\"acceptance-507\" value=\"1\" aria-invalid=\"false\" \/><span class=\"wpcf7-list-item-label\">I agree with the storage and handling of your data by this website.<br> For further details on handling user data, see our <a href=\"\/privacy-policy\/\">Privacy Policy<\/a><\/span><\/label><\/span><\/span><\/span><\/div>\n<div class=\"column-1_3 textalignright\"><input class=\"wpcf7-form-control wpcf7-submit has-spinner\" type=\"submit\" value=\"Send Message\" \/><\/div>\n<\/div><div class=\"wpcf7-response-output\" aria-hidden=\"true\"><\/div>\n<\/form>\n<\/div>\n<\/div>\n\t\t\t\t\t\t<\/div>\n\t\t\t\t<\/div>\n\t\t\t\t\t<\/div>\n\t\t<\/div>\n\t\t\t\t<div class=\"elementor-column elementor-col-16 elementor-top-column elementor-element elementor-element-50b53f7 sc_inner_width_none sc_content_align_inherit sc_layouts_column_icons_position_left\" data-id=\"50b53f7\" data-element_type=\"column\" data-e-type=\"column\">\n\t\t\t<div class=\"elementor-widget-wrap\">\n\t\t\t\t\t\t\t<\/div>\n\t\t<\/div>\n\t\t\t\t\t<\/div>\n\t\t<\/section>\n\t\t\t\t<section class=\"elementor-section elementor-top-section elementor-element elementor-element-37232ba elementor-section-stretched elementor-section-full_width elementor-section-height-default elementor-section-height-default\" data-id=\"37232ba\" data-element_type=\"section\" data-e-type=\"section\" data-settings=\"{&quot;stretch_section&quot;:&quot;section-stretched&quot;}\">\n\t\t\t\t\t\t<div class=\"elementor-container elementor-column-gap-no\">\n\t\t\t\t\t<div class=\"elementor-column elementor-col-100 elementor-top-column elementor-element elementor-element-65b68f7 sc_inner_width_none sc_content_align_inherit sc_layouts_column_icons_position_left\" data-id=\"65b68f7\" data-element_type=\"column\" data-e-type=\"column\">\n\t\t\t<div class=\"elementor-widget-wrap elementor-element-populated\">\n\t\t\t\t\t\t<div class=\"elementor-element elementor-element-ec282f7 sc_fly_static elementor-widget elementor-widget-trx_sc_googlemap\" data-id=\"ec282f7\" data-element_type=\"widget\" data-e-type=\"widget\" data-widget_type=\"trx_sc_googlemap.default\">\n\t\t\t\t<div class=\"elementor-widget-container\">\n\t\t\t\t\t<div id=\"trx_sc_googlemap_800317641_wrap\" class=\"sc_googlemap_wrap\"><div id=\"trx_sc_googlemap_800317641\"\n\t\t\tclass=\"sc_googlemap sc_googlemap_default trx_addons_inline_171812706\"\n\t\t\t\t\t\tdata-zoom=\"15\"\n\t\t\tdata-center=\"\"\n\t\t\tdata-style=\"default\"\n\t\t\tdata-cluster-icon=\"https:\/\/tripolamotorrad.com\/wp-content\/uploads\/2019\/05\/marker-copyright.png\"\n\t\t\t><iframe\n\t\t\t\t\t\tdata-src=\"https:\/\/maps.google.com\/maps?t=m&output=embed&iwloc=near&z=15&q=Antala+Sta%C5%A1ka+1859%2F34+Chech+Republic+140+00+Praha+4-Kr%C4%8D\"\n\t\t\t\t\t\taria-label=\"\" src=\"data:image\/svg+xml;base64,PHN2ZyB3aWR0aD0iMSIgaGVpZ2h0PSIxIiB4bWxucz0iaHR0cDovL3d3dy53My5vcmcvMjAwMC9zdmciPjwvc3ZnPg==\" class=\"lazyload\" data-load-mode=\"1\"><\/iframe><\/div><\/div><!-- \/.sc_googlemap_wrap -->\t\t\t\t<\/div>\n\t\t\t\t<\/div>\n\t\t\t\t\t<\/div>\n\t\t<\/div>\n\t\t\t\t\t<\/div>\n\t\t<\/section>\n\t\t\t\t<\/div>\n\t\t","protected":false},"excerpt":{"rendered":"<p>Visit Office Antala Sta\u0161ka 1859\/34 Chech Republic 140 00 Praha 4-Kr\u010d Phone Number +420 776 025 443 (Urgentn\u00ed podpora pro zaplacen\u00e9 objedn\u00e1vky) Mail Us info@tripolamotorrad.com mail us Drop a Line<\/p>\n","protected":false},"author":1,"featured_media":0,"parent":0,"menu_order":0,"comment_status":"closed","ping_status":"closed","template":"","meta":{"footnotes":""},"class_list":["post-2634","page","type-page","status-publish","hentry"],"_links":{"self":[{"href":"https:\/\/tripolamotorrad.com\/cs\/wp-json\/wp\/v2\/pages\/2634","targetHints":{"allow":["GET"]}}],"collection":[{"href":"https:\/\/tripolamotorrad.com\/cs\/wp-json\/wp\/v2\/pages"}],"about":[{"href":"https:\/\/tripolamotorrad.com\/cs\/wp-json\/wp\/v2\/types\/page"}],"author":[{"embeddable":true,"href":"https:\/\/tripolamotorrad.com\/cs\/wp-json\/wp\/v2\/users\/1"}],"replies":[{"embeddable":true,"href":"https:\/\/tripolamotorrad.com\/cs\/wp-json\/wp\/v2\/comments?post=2634"}],"version-history":[{"count":3,"href":"https:\/\/tripolamotorrad.com\/cs\/wp-json\/wp\/v2\/pages\/2634\/revisions"}],"predecessor-version":[{"id":2638,"href":"https:\/\/tripolamotorrad.com\/cs\/wp-json\/wp\/v2\/pages\/2634\/revisions\/2638"}],"wp:attachment":[{"href":"https:\/\/tripolamotorrad.com\/cs\/wp-json\/wp\/v2\/media?parent=2634"}],"curies":[{"name":"wp","href":"https:\/\/api.w.org\/{rel}","templated":true}]}}