{"id":2451,"date":"2019-01-08T12:30:37","date_gmt":"2019-01-08T12:30:37","guid":{"rendered":"https:\/\/tripolamotorrad.com\/zasady-ochrany-osobnich-udaju\/"},"modified":"2025-12-11T16:12:29","modified_gmt":"2025-12-11T16:12:29","slug":"zasady-ochrany-osobnich-udaju","status":"publish","type":"page","link":"https:\/\/tripolamotorrad.com\/cs\/zasady-ochrany-osobnich-udaju\/","title":{"rendered":"Z\u00e1sady ochrany osobn\u00edch \u00fadaj\u016f"},"content":{"rendered":"\t\t<div data-elementor-type=\"wp-post\" data-elementor-id=\"2451\" class=\"elementor elementor-2451 elementor-66\">\n\t\t\t\t\t\t<section class=\"elementor-section elementor-top-section elementor-element elementor-element-62a4d9b1 elementor-section-boxed elementor-section-height-default elementor-section-height-default\" data-id=\"62a4d9b1\" data-element_type=\"section\" data-e-type=\"section\" data-settings=\"{&quot;background_background&quot;:&quot;classic&quot;}\">\n\t\t\t\t\t\t<div class=\"elementor-container elementor-column-gap-extended\">\n\t\t\t\t\t<div class=\"elementor-column elementor-col-100 elementor-top-column elementor-element elementor-element-b201eb4 sc_inner_width_none sc_content_align_inherit sc_layouts_column_icons_position_left\" data-id=\"b201eb4\" data-element_type=\"column\" data-e-type=\"column\">\n\t\t\t<div class=\"elementor-widget-wrap elementor-element-populated\">\n\t\t\t\t\t\t<div class=\"elementor-element elementor-element-111d9fe5 sc_fly_static elementor-widget elementor-widget-spacer\" data-id=\"111d9fe5\" data-element_type=\"widget\" data-e-type=\"widget\" data-widget_type=\"spacer.default\">\n\t\t\t\t<div class=\"elementor-widget-container\">\n\t\t\t\t\t\t\t<div class=\"elementor-spacer\">\n\t\t\t<div class=\"elementor-spacer-inner\"><\/div>\n\t\t<\/div>\n\t\t\t\t\t\t<\/div>\n\t\t\t\t<\/div>\n\t\t\t\t<div class=\"elementor-element elementor-element-19543589 sc_fly_static elementor-widget elementor-widget-text-editor\" data-id=\"19543589\" data-element_type=\"widget\" data-e-type=\"widget\" data-widget_type=\"text-editor.default\">\n\t\t\t\t<div class=\"elementor-widget-container\">\n\t\t\t\t\t\t\t\t\t<h3>Posledn\u00ed aktualizace: Prosinec 2025<\/h3><p>Posledn\u00ed aktualizace: Prosinec 2025<\/p>\t\t\t\t\t\t\t\t<\/div>\n\t\t\t\t<\/div>\n\t\t\t\t<div class=\"elementor-element elementor-element-610aea52 sc_fly_static elementor-widget elementor-widget-spacer\" data-id=\"610aea52\" data-element_type=\"widget\" data-e-type=\"widget\" data-widget_type=\"spacer.default\">\n\t\t\t\t<div class=\"elementor-widget-container\">\n\t\t\t\t\t\t\t<div class=\"elementor-spacer\">\n\t\t\t<div class=\"elementor-spacer-inner\"><\/div>\n\t\t<\/div>\n\t\t\t\t\t\t<\/div>\n\t\t\t\t<\/div>\n\t\t\t\t\t<\/div>\n\t\t<\/div>\n\t\t\t\t\t<\/div>\n\t\t<\/section>\n\t\t\t\t<section class=\"elementor-section elementor-top-section elementor-element elementor-element-6ad7dd4b elementor-section-boxed elementor-section-height-default elementor-section-height-default\" data-id=\"6ad7dd4b\" data-element_type=\"section\" data-e-type=\"section\">\n\t\t\t\t\t\t<div class=\"elementor-container elementor-column-gap-extended\">\n\t\t\t\t\t<div class=\"elementor-column elementor-col-100 elementor-top-column elementor-element elementor-element-596b071f sc_inner_width_none sc_content_align_inherit sc_layouts_column_icons_position_left\" data-id=\"596b071f\" data-element_type=\"column\" data-e-type=\"column\">\n\t\t\t<div class=\"elementor-widget-wrap elementor-element-populated\">\n\t\t\t\t\t\t<div class=\"elementor-element elementor-element-4be38 sc_fly_static elementor-widget elementor-widget-spacer\" data-id=\"4be38\" data-element_type=\"widget\" data-e-type=\"widget\" data-widget_type=\"spacer.default\">\n\t\t\t\t<div class=\"elementor-widget-container\">\n\t\t\t\t\t\t\t<div class=\"elementor-spacer\">\n\t\t\t<div class=\"elementor-spacer-inner\"><\/div>\n\t\t<\/div>\n\t\t\t\t\t\t<\/div>\n\t\t\t\t<\/div>\n\t\t\t\t\t<\/div>\n\t\t<\/div>\n\t\t\t\t\t<\/div>\n\t\t<\/section>\n\t\t\t\t<section class=\"elementor-section elementor-top-section elementor-element elementor-element-15ee7252 elementor-section-boxed elementor-section-height-default elementor-section-height-default\" data-id=\"15ee7252\" data-element_type=\"section\" data-e-type=\"section\" data-settings=\"{&quot;background_background&quot;:&quot;classic&quot;}\">\n\t\t\t\t\t\t<div class=\"elementor-container elementor-column-gap-extended\">\n\t\t\t\t\t<div class=\"elementor-column elementor-col-100 elementor-top-column elementor-element elementor-element-362f6888 sc_inner_width_none sc_content_align_inherit sc_layouts_column_icons_position_left\" data-id=\"362f6888\" data-element_type=\"column\" data-e-type=\"column\">\n\t\t\t<div class=\"elementor-widget-wrap elementor-element-populated\">\n\t\t\t\t\t\t<div class=\"elementor-element elementor-element-7c8ac86 sc_fly_static elementor-widget elementor-widget-spacer\" data-id=\"7c8ac86\" data-element_type=\"widget\" data-e-type=\"widget\" data-widget_type=\"spacer.default\">\n\t\t\t\t<div class=\"elementor-widget-container\">\n\t\t\t\t\t\t\t<div class=\"elementor-spacer\">\n\t\t\t<div class=\"elementor-spacer-inner\"><\/div>\n\t\t<\/div>\n\t\t\t\t\t\t<\/div>\n\t\t\t\t<\/div>\n\t\t\t\t<div class=\"elementor-element elementor-element-37ffd7d2 sc_fly_static elementor-widget elementor-widget-text-editor\" data-id=\"37ffd7d2\" data-element_type=\"widget\" data-e-type=\"widget\" data-widget_type=\"text-editor.default\">\n\t\t\t\t<div class=\"elementor-widget-container\">\n\t\t\t\t\t\t\t\t\t<h4>1. \u00davod<\/h4>\n<p>Tyto Z\u00e1sady ochrany osobn\u00edch \u00fadaj\u016f popisuj\u00ed, jak <strong>Tripola Motorrad<\/strong> (provozovatel <strong>KD18 holdings s.r.o.<\/strong>, se s\u00eddlem <strong>Antala Sta\u0161ka 1859\/34, 140 00 Praha 4-Kr\u010d<\/strong>, I\u010cO: 17745837) (d\u00e1le jen \u201emy\u201c) shroma\u017e\u010fuje, pou\u017e\u00edv\u00e1 a chr\u00e1n\u00ed va\u0161e osobn\u00ed \u00fadaje.<\/p>\n<p>Zavazujeme se chr\u00e1nit va\u0161e soukrom\u00ed v souladu s <strong>Obecn\u00fdm na\u0159\u00edzen\u00edm o ochran\u011b osobn\u00edch \u00fadaj\u016f (GDPR)<\/strong> (EU) 2016\/679.<\/p>\n<h4>2. Jak\u00e9 \u00fadaje shroma\u017e\u010fujeme<\/h4>\n<p>Pro poskytov\u00e1n\u00ed slu\u017eeb pron\u00e1jmu motocykl\u016f shroma\u017e\u010fujeme n\u00e1sleduj\u00edc\u00ed \u00fadaje:<\/p>\n<ul>\n<li><strong>Identifika\u010dn\u00ed \u00fadaje:<\/strong> Jm\u00e9no, p\u0159\u00edjmen\u00ed, datum narozen\u00ed, \u010d\u00edslo pasu\/OP.<\/li>\n<li><strong>Kontaktn\u00ed \u00fadaje:<\/strong> E-mail, telefonn\u00ed \u010d\u00edslo, faktura\u010dn\u00ed adresa.<\/li>\n<li><strong>\u00dadaje o \u0159idi\u010di:<\/strong> \u010c\u00edslo \u0159idi\u010dsk\u00e9ho pr\u016fkazu, skupiny, datum vyd\u00e1n\u00ed a zku\u0161enosti s j\u00edzdou.<\/li>\n<li><strong>Fyzick\u00e9 parametry:<\/strong> V\u00fd\u0161ka, v\u00e1ha a velikosti oble\u010den\u00ed (pouze pokud si p\u016fj\u010dujete v\u00fdbavu, pro zaji\u0161t\u011bn\u00ed bezpe\u010dnosti).<\/li>\n<li><strong>Finan\u010dn\u00ed \u00fadaje:<\/strong> \u00dadaje o platebn\u00ed kart\u011b (zpracov\u00e1v\u00e1no bezpe\u010dn\u011b p\u0159es platebn\u00ed br\u00e1nu pro kauce\/platby; neukl\u00e1d\u00e1me cel\u00e1 \u010d\u00edsla karet).<\/li>\n<li><strong>Polohov\u00e1 data:<\/strong> Na\u0161e motocykly mohou b\u00fdt vybaveny <strong>GPS lok\u00e1tory<\/strong> z d\u016fvodu ochrany majetku proti kr\u00e1de\u017ei.<\/li>\n<\/ul>\n<h4>3. Jak \u00fadaje vyu\u017e\u00edv\u00e1me<\/h4>\n<p>Va\u0161e \u00fadaje zpracov\u00e1v\u00e1me na z\u00e1klad\u011b n\u00e1sleduj\u00edc\u00edch pr\u00e1vn\u00edch d\u016fvod\u016f:<\/p>\n<ul>\n<li><strong>Pln\u011bn\u00ed smlouvy:<\/strong> Zpracov\u00e1n\u00ed rezervace, ov\u011b\u0159en\u00ed zp\u016fsobilosti k j\u00edzd\u011b a spr\u00e1va n\u00e1jemn\u00ed smlouvy.<\/li>\n<li><strong>Pr\u00e1vn\u00ed povinnost:<\/strong> Dodr\u017eov\u00e1n\u00ed da\u0148ov\u00fdch z\u00e1kon\u016f a p\u0159ed\u00e1v\u00e1n\u00ed \u00fadaj\u016f o \u0159idi\u010di policii v p\u0159\u00edpad\u011b dopravn\u00edch p\u0159estupk\u016f (pokuty za rychlost atd.).<\/li>\n<li><strong>Opr\u00e1vn\u011bn\u00fd z\u00e1jem:<\/strong> Ochrana na\u0161eho vozov\u00e9ho parku p\u0159ed kr\u00e1de\u017e\u00ed (GPS monitoring) a ochrana pr\u00e1vn\u00edch n\u00e1rok\u016f.<\/li>\n<\/ul>\n<h4>4. Sd\u00edlen\u00ed \u00fadaj\u016f<\/h4>\n<p>Va\u0161e \u00fadaje neprod\u00e1v\u00e1me. M\u016f\u017eeme je sd\u00edlet s:<\/p>\n<ul>\n<li><strong>Poji\u0161\u0165ovnami:<\/strong> V p\u0159\u00edpad\u011b nehody nebo pojistn\u00e9 ud\u00e1losti.<\/li>\n<li><strong>Org\u00e1ny \u010dinn\u00fdmi v trestn\u00edm \u0159\u00edzen\u00ed:<\/strong> Pokud to vy\u017eaduje z\u00e1kon (nap\u0159. dopravn\u00ed pokuty).<\/li>\n<li><strong>Poskytovateli slu\u017eeb:<\/strong> IT podpora, rezerva\u010dn\u00ed syst\u00e9my a zpracovatel\u00e9 plateb, kte\u0159\u00ed jednaj\u00ed jako zpracovatel\u00e9 \u00fadaj\u016f pod p\u0159\u00edsn\u00fdmi smlouvami o ml\u010denlivosti.<\/li>\n<\/ul>\n<h4>5. Uchov\u00e1v\u00e1n\u00ed \u00fadaj\u016f<\/h4>\n<p>Osobn\u00ed \u00fadaje souvisej\u00edc\u00ed s n\u00e1jemn\u00edmi smlouvami a fakturami uchov\u00e1v\u00e1me po dobu <strong>10 let<\/strong>, jak vy\u017eaduj\u00ed \u010desk\u00e9 da\u0148ov\u00e9 z\u00e1kony. Ostatn\u00ed \u00fadaje uchov\u00e1v\u00e1me pouze po dobu nezbytn\u011b nutnou.<\/p>\n<h4>6. Va\u0161e pr\u00e1va a kontakt<\/h4>\n<p>Podle GDPR m\u00e1te pr\u00e1vo na p\u0159\u00edstup, opravu, v\u00fdmaz nebo omezen\u00ed zpracov\u00e1n\u00ed va\u0161ich \u00fadaj\u016f. Pro uplatn\u011bn\u00ed t\u011bchto pr\u00e1v n\u00e1s pros\u00edm kontaktujte:<\/p>\n<ul>\n<li><strong>Email:<\/strong> <a href=\"mailto:info@tripolamotorrad.com\">info@tripolamotorrad.com<\/a><\/li>\n<li><strong>Telefon:<\/strong> +420 776 025 443<\/li>\n<li><strong>Adresa:<\/strong> KD18 holdings s.r.o., Antala Sta\u0161ka 1859\/34, 140 00 Praha 4-Kr\u010d<\/li>\n<\/ul>\t\t\t\t\t\t\t\t<\/div>\n\t\t\t\t<\/div>\n\t\t\t\t<div class=\"elementor-element elementor-element-59cebfc7 sc_fly_static elementor-widget elementor-widget-spacer\" data-id=\"59cebfc7\" data-element_type=\"widget\" data-e-type=\"widget\" data-widget_type=\"spacer.default\">\n\t\t\t\t<div class=\"elementor-widget-container\">\n\t\t\t\t\t\t\t<div class=\"elementor-spacer\">\n\t\t\t<div class=\"elementor-spacer-inner\"><\/div>\n\t\t<\/div>\n\t\t\t\t\t\t<\/div>\n\t\t\t\t<\/div>\n\t\t\t\t\t<\/div>\n\t\t<\/div>\n\t\t\t\t\t<\/div>\n\t\t<\/section>\n\t\t\t\t<\/div>\n\t\t","protected":false},"excerpt":{"rendered":"<p>Posledn\u00ed aktualizace: Prosinec 2025 Posledn\u00ed aktualizace: Prosinec 2025 1. \u00davod Tyto Z\u00e1sady ochrany osobn\u00edch \u00fadaj\u016f popisuj\u00ed, jak Tripola Motorrad (provozovatel KD18 holdings s.r.o., se s\u00eddlem Antala Sta\u0161ka 1859\/34, 140 00 Praha 4-Kr\u010d,&hellip;<\/p>\n","protected":false},"author":1,"featured_media":0,"parent":0,"menu_order":0,"comment_status":"closed","ping_status":"closed","template":"","meta":{"footnotes":""},"class_list":["post-2451","page","type-page","status-publish","hentry"],"_links":{"self":[{"href":"https:\/\/tripolamotorrad.com\/cs\/wp-json\/wp\/v2\/pages\/2451","targetHints":{"allow":["GET"]}}],"collection":[{"href":"https:\/\/tripolamotorrad.com\/cs\/wp-json\/wp\/v2\/pages"}],"about":[{"href":"https:\/\/tripolamotorrad.com\/cs\/wp-json\/wp\/v2\/types\/page"}],"author":[{"embeddable":true,"href":"https:\/\/tripolamotorrad.com\/cs\/wp-json\/wp\/v2\/users\/1"}],"replies":[{"embeddable":true,"href":"https:\/\/tripolamotorrad.com\/cs\/wp-json\/wp\/v2\/comments?post=2451"}],"version-history":[{"count":4,"href":"https:\/\/tripolamotorrad.com\/cs\/wp-json\/wp\/v2\/pages\/2451\/revisions"}],"predecessor-version":[{"id":2455,"href":"https:\/\/tripolamotorrad.com\/cs\/wp-json\/wp\/v2\/pages\/2451\/revisions\/2455"}],"wp:attachment":[{"href":"https:\/\/tripolamotorrad.com\/cs\/wp-json\/wp\/v2\/media?parent=2451"}],"curies":[{"name":"wp","href":"https:\/\/api.w.org\/{rel}","templated":true}]}}